{"id":1216,"date":"2017-03-23T08:19:10","date_gmt":"2017-03-23T08:19:10","guid":{"rendered":"http:\/\/watermark.pixelemu.com\/pe-company\/?page_id=2"},"modified":"2024-12-26T22:09:39","modified_gmt":"2024-12-26T21:09:39","slug":"quienes-somos","status":"publish","type":"page","link":"https:\/\/www.serendipiabaleares.com\/index.php\/quienes-somos\/","title":{"rendered":"Quienes somos"},"content":{"rendered":"\n<style>\n    \/* Estilo para las im\u00e1genes circulares *\/\n    .team-member {\n        width: 150px;\n        height: 150px;\n        border-radius: 50%;\n        object-fit: cover;\n        transition: transform 0.3s ease;\n    }\n\n    \/* Efecto hover para el equipo *\/\n    .team-member:hover {\n        transform: scale(1.1);\n    }\n\n    \/* Estilo del contenedor de texto *\/\n    .section-header {\n        text-align: center;\n        margin-bottom: 30px;\n    }\n\n    .team-card {\n        text-align: center;\n        margin-bottom: 20px;\n    }\n\n    .team-card h6 {\n        margin-top: 10px;\n        font-weight: bold;\n    }\n\n    .team-card p {\n        font-style: italic;\n    }\n\n    \/* Hacer que la imagen de la asociaci\u00f3n ocupe el 100% del ancho *\/\n    .img-full-width {\n        width: 100%;\n        height: auto;\n    }\n\n    \/* Justificaci\u00f3n del texto *\/\n    .text-justify {\n        text-align: left;\n    }\n\n    \/* Estilo del apartado resaltado *\/\n    .highlight-box {\n        background-color: #f8f9fa;\n        border-left: 5px solid #007bff;\n        padding: 20px;\n        margin-top: 40px;\n    }\n\n    \/* Mejora en la accesibilidad *\/\n    .highlight-box h4,\n    .highlight-box p {\n        margin-bottom: 10px;\n    }\n\n    \/* Estilo del bot\u00f3n de contacto *\/\n    .contact-button {\n        text-align: center;\n        margin-top: 40px;\n    }\n\n    .contact-button a {\n        background-color: #27AAE3;\n        color: black;\n        padding: 15px 30px;\n        font-size: 18px;\n        border-radius: 5px;\n        text-decoration: none;\n        transition: background-color 0.3s ease;\n    }\n\n    .contact-button a:hover {\n        background-color: #0056b3;\n    }\n<\/style>\n\n<section id=\"quienes-somos\" class=\"py-5 bg-light\" >\n    <div class=\"container\">\n        <!-- T\u00edtulo y Descripci\u00f3n -->\n        <div class=\"section-header\">\n            <div class=\"highlight-box\" role=\"contentinfo\">\n                <p class=\"text-justify\">\n                    Somos una asociaci\u00f3n dedicada al apoyo y la defensa de los derechos de los pacientes con enfermedades glomerulares. Trabajamos para mejorar la calidad de vida de nuestros socios a trav\u00e9s de la informaci\u00f3n, la sensibilizaci\u00f3n y el apoyo emocional. A trav\u00e9s de programas educativos, eventos de concienciaci\u00f3n, y apoyo psicol\u00f3gico, ayudamos a mejorar la vida de quienes enfrentan esta enfermedad. Nuestro objetivo es ofrecer una red de apoyo s\u00f3lida, y ser una voz representativa de los pacientes en el \u00e1mbito m\u00e9dico y social.\n                <\/p>\n            <\/div>\n        <\/div>\n\n        <!-- Imagen representativa (ocupa todo el ancho) -->\n        <div class=\"row justify-content-center mb-5\">\n            <div class=\"col-12\">\n                <img decoding=\"async\" src=\"\/wp-content\/uploads\/2024\/12\/grupo2.png\" alt=\"Imagen de la Asociaci\u00f3n, mostrando a un grupo de personas reunidas en apoyo mutuo\" class=\"img-fluid img-full-width\" \/>\n            <\/div>\n        <\/div>\n\n        <!-- Apartado Resaltado - Informaci\u00f3n de la Asociaci\u00f3n -->\n        <div class=\"highlight-box\" role=\"contentinfo\">\n            <h2><strong>Serendipia: Asociaci\u00f3n Sin \u00c1nimo de Lucro<\/strong><\/h2>\n            <p><strong>Serendipia<\/strong> es una asociaci\u00f3n sin \u00e1nimo de lucro de reciente creaci\u00f3n, abierta y participativa.<\/p>\n            <p>Ha sido un largo camino burocr\u00e1tico, empezamos nuestra andadura en octubre 2023 y finalmente conseguimos constituirnos y registrarnos el <strong>05\/03\/2024<\/strong>.<\/p>\n            <p>Estamos registrados en el Registro de Asociaciones de la Comunidad Aut\u00f3noma de las Islas Baleares con el n\u00famero <strong>311000011838<\/strong>.<\/p>\n            <p>Nuestra raz\u00f3n de ser es ayudar a aquellas personas que padecen una enfermedad autoinmune glomerular, as\u00ed como a sus familiares y\/o allegados.<\/p>\n        <\/div>\n\n        <!-- Equipo -->\n        <div class=\"section-header\">\n            <h2>Nuestro Equipo<\/h2>\n            <p>Conoce a las personas que hacen posible esta causa.<\/p>\n        <\/div>\n        \n        <div class=\"row text-center\">\n            <!-- Miembro 1 -->\n            <div class=\"col-md-3 team-card\" role=\"group\" aria-labelledby=\"miembro1\">\n                <img decoding=\"async\" src=\"\/wp-content\/uploads\/2024\/12\/joana.png\" alt=\"Miembro 1, Joana Canals, Presidenta\" class=\"team-member mb-3\" \/>\n                <h3 id=\"miembro1\">Joana Canals<\/h3>\n                <p>Presidenta<\/p>\n            <\/div>\n\n            <!-- Miembro 2 -->\n            <div class=\"col-md-3 team-card\" role=\"group\" aria-labelledby=\"miembro2\">\n                <img decoding=\"async\" src=\"\/wp-content\/uploads\/2024\/12\/sandra.png\" alt=\"Miembro 2, Sandra de Melo, Tresorera\" class=\"team-member mb-3\" \/>\n                <h3 id=\"miembro2\">Sandra de Melo<\/h3>\n                <p>Tresorera<\/p>\n            <\/div>\n\n            <!-- Miembro 3 -->\n            <div class=\"col-md-3 team-card\" role=\"group\" aria-labelledby=\"miembro3\">\n                <img decoding=\"async\" src=\"\/wp-content\/uploads\/2024\/12\/raquel.png\" alt=\"Miembro 3, Raquel Fern\u00e1ndez, Secretaria\" class=\"team-member mb-3\" \/>\n                <h3 id=\"miembro3\">Raquel Fern\u00e1ndez<\/h3>\n                <p>Secretaria<\/p>\n            <\/div>\n\n            <!-- Miembro 4 -->\n            <div class=\"col-md-3 team-card\" role=\"group\" aria-labelledby=\"miembro4\">\n                <img decoding=\"async\" src=\"\/wp-content\/uploads\/2024\/12\/ernesto.png\" alt=\"Miembro 4, Ernesto Meza, Tesorero\" class=\"team-member mb-3\" \/>\n                <h3 id=\"miembro4\">Ernesto Meza<\/h3>\n                <p>Vocal<\/p>\n            <\/div>\n        <\/div>\n\n\n    <\/div>\n<\/section>\n<section id=\"como-surge\" class=\"py-5 bg-white\" aria-labelledby=\"como-surge-title\">\n    <div class=\"container\">\n        <!-- T\u00edtulo y Descripci\u00f3n -->\n        <div class=\"row justify-content-center mb-4\">\n            <div class=\"col-12 text-center\">\n                <h2 id=\"como-surge-title\" class=\"text-primary font-weight-bold\">\u00bfC\u00d3MO SURGE ESTA IDEA?<\/h2>\n                <p class=\"\">Una inspiraci\u00f3n que naci\u00f3 de una reuni\u00f3n, una historia y una reflexi\u00f3n compartida.<\/p>\n            <\/div>\n        <\/div>\n<!-- Contenido en dos columnas -->\n        <div class=\"row align-items-center\">\n            <!-- Columna de texto -->\n            <div class=\"col-md-6\">\n                <div class=\"p-3 border-left border-primary\">\n                    \n<table class=\"pe-table\" style=\"width: 100%;\">\n  <thead>\n    <tr>\n      <th class=\"th-1\" colspan=\"1\" style=\"color: white;\">Reuni\u00f3n informativa<\/th>\n    <\/tr>\n  <\/thead>\n  <tbody>\n    <tr class=\"tr-1\">\n      <td class=\"td-1\">Todo comenz\u00f3 en una reuni\u00f3n informativa en Son Espases, liderada por el Dr. Miguel Uriol y su equipo. Durante la sesi\u00f3n, un pap\u00e1 de una paciente comparti\u00f3 su caso, resaltando las enormes ventajas del asociacionismo.<\/td>\n    <\/tr>\n  <\/tbody>\n<\/table>\n\n<table class=\"pe-table\" style=\"width: 100%;\">\n  <thead>\n    <tr>\n      <th class=\"th-1\" colspan=\"1\" style=\"color: white;\">Una reflexi\u00f3n compartida<\/th>\n    <\/tr>\n  <\/thead>\n  <tbody>\n    <tr class=\"tr-1\">\n      <td class=\"td-1\"> <p>Unos cuantos de nosotros reflexionamos sobre ello:<\/p>\n        <ul class=\"list-group\">\n            <li class=\"list-group-item\">\n                <i class=\"bi bi-people-fill text-primary me-2\"><\/i> \n                El asociacionismo pod\u00eda hacer que no nos sinti\u00e9ramos solos\n            <\/li>\n            <li class=\"list-group-item\">\n                <i class=\"bi bi-eye-fill text-success me-2\"><\/i> \n                Pod\u00edamos ganar visibilidad\n            <\/li>\n            <li class=\"list-group-item\">\n                <i class=\"bi bi-tools text-warning me-2\"><\/i> \n                Resolver problemas comunes\n            <\/li>\n            <li class=\"list-group-item\">\n                <i class=\"bi bi-hand-thumbs-up-fill text-danger me-2\"><\/i> \n                Conseguir apoyos\n            <\/li>\n        <\/ul><\/td>\n    <\/tr>\n  <\/tbody>\n<\/table>\n                \n\n                  \n                <\/div>\n            <\/div>\n\n            <!-- Columna de imagen -->\n            <div class=\"col-md-6 text-center\">\n                <img decoding=\"async\" src=\"\/wp-content\/uploads\/2024\/12\/reunion.png\" alt=\"Grupo reunido en discusi\u00f3n durante la sesi\u00f3n informativa en Son Espases\" class=\"img-fluid rounded shadow-sm\">\n            <\/div>\n        <\/div>\n    <\/div>\n<\/section>\n\n<style>\n    \/* Personalizaci\u00f3n de estilos *\/\n    #como-surge {\n        background-color: #f8f9fa; \/* Fondo claro *\/\n    }\n\n    #como-surge h2 {\n        font-size: 2.5rem;\n        margin-bottom: 20px;\n        text-align: center; \/* Asegura centrado del t\u00edtulo *\/\n    }\n\n    #como-surge p.lead {\n        font-size: 1.2rem;\n        color: #6c757d; \/* Mejor contraste para accesibilidad *\/\n    }\n\n    #como-surge ul {\n        list-style-type: disc;\n        padding-left: 20px;\n    }\n\n    #como-surge ul li {\n        margin-bottom: 10px;\n    }\n\n    #como-surge .border-left {\n        border-width: 5px !important;\n        padding-left: 15px;\n    }\n\n    #como-surge img {\n        max-width: 100%;\n        height: auto;\n        border-radius: 0.5rem;\n        box-shadow: 0 4px 6px rgba(0, 0, 0, 0.1);\n    }\n<\/style>\n\n        <!-- Secci\u00f3n de contacto -->\n        <div class=\"contact-button\">\n            <h3>\u00bfTienes alguna duda?<\/h3>\n            <p>Si necesitas m\u00e1s informaci\u00f3n, no dudes en ponerte en contacto con nosotros.<\/p>\n            <a href=\"\/index.php\/contacta-serendipia\/\" class=\"btn btn-primary\">Contacta con Nosotros<\/a>\n        <\/div>\n\n\n\n<p><\/p>\n","protected":false},"excerpt":{"rendered":"<p>Somos una asociaci\u00f3n dedicada al apoyo y la defensa de los derechos de los pacientes con enfermedades glomerulares. Trabajamos para mejorar la calidad de vida de nuestros socios a trav\u00e9s de la informaci\u00f3n, la sensibilizaci\u00f3n y el apoyo emocional. A trav\u00e9s de programas educativos, eventos de concienciaci\u00f3n, y apoyo psicol\u00f3gico, ayudamos a mejorar la vida [&hellip;]<\/p>\n","protected":false},"author":1,"featured_media":0,"parent":0,"menu_order":0,"comment_status":"closed","ping_status":"closed","template":"","meta":{"footnotes":""},"class_list":["post-1216","page","type-page","status-publish","hentry","clearfix"],"_links":{"self":[{"href":"https:\/\/www.serendipiabaleares.com\/index.php\/wp-json\/wp\/v2\/pages\/1216","targetHints":{"allow":["GET"]}}],"collection":[{"href":"https:\/\/www.serendipiabaleares.com\/index.php\/wp-json\/wp\/v2\/pages"}],"about":[{"href":"https:\/\/www.serendipiabaleares.com\/index.php\/wp-json\/wp\/v2\/types\/page"}],"author":[{"embeddable":true,"href":"https:\/\/www.serendipiabaleares.com\/index.php\/wp-json\/wp\/v2\/users\/1"}],"replies":[{"embeddable":true,"href":"https:\/\/www.serendipiabaleares.com\/index.php\/wp-json\/wp\/v2\/comments?post=1216"}],"version-history":[{"count":80,"href":"https:\/\/www.serendipiabaleares.com\/index.php\/wp-json\/wp\/v2\/pages\/1216\/revisions"}],"predecessor-version":[{"id":3427,"href":"https:\/\/www.serendipiabaleares.com\/index.php\/wp-json\/wp\/v2\/pages\/1216\/revisions\/3427"}],"wp:attachment":[{"href":"https:\/\/www.serendipiabaleares.com\/index.php\/wp-json\/wp\/v2\/media?parent=1216"}],"curies":[{"name":"wp","href":"https:\/\/api.w.org\/{rel}","templated":true}]}}