{"id":2294,"date":"2016-11-04T14:12:26","date_gmt":"2016-11-04T14:12:26","guid":{"rendered":"http:\/\/demo.pixelemu.com\/pe-magnetic-watermark\/?page_id=2294"},"modified":"2024-12-21T21:54:49","modified_gmt":"2024-12-21T20:54:49","slug":"colabora","status":"publish","type":"page","link":"https:\/\/www.serendipiabaleares.com\/index.php\/colabora\/","title":{"rendered":"Colabora"},"content":{"rendered":"\n<style>\n    .team-member {\n        width: 150px;\n        height: 150px;\n        border-radius: 50%;\n        object-fit: cover;\n        transition: transform 0.3s ease;\n    }\n\n    .team-member:hover {\n        transform: scale(1.1);\n    }\n\n    .section-header {\n        text-align: center;\n        margin-bottom: 30px;\n    }\n    .section-header1 {\n        text-align: left;\n        margin-bottom: 30px;\n    }\n    .img-full-width {\n        width: 100%;\n        height: auto;\n    }\n\n    \/* Imagen accesible: Bordes redondeados *\/\n    .banner-rounded {\n        border-radius: 15px;\n    }\n\n    .text-justify {\n        text-align: justify;\n    }\n\n    .highlight-box {\n        background-color: #f8f9fa;\n        border-left: 5px solid #007bff;\n        padding: 20px;\n        margin-top: 40px;\n    }\n\n    .contact-button {\n        text-align: center;\n        margin-top: 40px;\n    }\n\n    .contact-button a {\n        background-color: #27AAE3;\n        color: white;\n        padding: 15px 30px;\n        font-size: 18px;\n        border-radius: 5px;\n        text-decoration: none;\n        transition: background-color 0.3s ease;\n    }\n\n    .contact-button a:hover, \n    .contact-button a:focus {\n        background-color: #0056b3;\n        outline: 3px solid #0056b3;\n        outline-offset: 2px;\n    }\n\n    \/* Mejoras de accesibilidad *\/\n    a {\n        outline: none; \/* Navegaci\u00f3n m\u00e1s clara *\/\n    }\n<\/style>\n\n<section id=\"colabora\" class=\"py-5 bg-light\">\n    <div class=\"container\">\n        <!-- Introducci\u00f3n -->\n        <div class=\"section-header\">\n            <h1>Colabora con Nosotros<\/h1>\n            <p class=\"section-header1\">\n                Visibilizamos y concienciamos sobre lo que supone vivir con una enfermedad cr\u00f3nica. \n                Nuestra misi\u00f3n incluye dar a conocer las enfermedades renales glomerulares, prestar apoyo emocional, \n                acompa\u00f1ar demandas individuales y promover la investigaci\u00f3n. \u00a1\u00danete a nuestra causa y ayuda a marcar la diferencia!\n            <\/p>\n        <\/div>\n\n        <!-- Imagen representativa -->\n        <div class=\"row justify-content-center mb-5\">\n            <div class=\"col-12\">\n                <img decoding=\"async\" src=\"\/wp-content\/uploads\/2024\/12\/banner3.png\" \n                     alt=\"Foto de un largo serendipia estampado en tela, representando creatividad y uni\u00f3n.\" \n                     class=\"img-fluid img-full-width banner-rounded\">\n            <\/div>\n        <\/div>\n\n        <!-- Informaci\u00f3n sobre la Asociaci\u00f3n -->\n        <div class=\"highlight-box\">\n            <h2>Hacerse Socio<\/h2>\n            <p>Ser socio de nuestra asociaci\u00f3n significa contribuir activamente al apoyo emocional de los afectados y al impulso de la investigaci\u00f3n de enfermedades renales glomerulares. Tu colaboraci\u00f3n nos ayuda a crear un impacto positivo en la vida de muchas personas.<\/p>\n        <\/div>\n\n        <div class=\"pe-pricing\"><div class=\"price\"><span class=\"before\">\u20ac<\/span><span class=\"p\">60<\/span><\/div><div class=\"title\">Cuota Anual<\/div><div class=\"content\"><div class=\"subtitle\">Hazte socio o haz una donaci\u00f3n<\/div><ul><li>La cuota anual para hacerse socio es de <strong>60\u20ac<\/strong>. Tambi\u00e9n puedes realizar cualquier tipo de donaci\u00f3n para apoyar nuestra causa. \u00a1Toda ayuda cuenta!<\/li><\/ul><\/div><\/div>\n\n        <!-- Cuota anual y donaciones -->\n        <div class=\"fee-highlight\">\n            <h3>Cuota Anual y Donaciones<\/h3>\n            <p>La cuota anual para hacerse socio es de <strong>60\u20ac<\/strong>. Tambi\u00e9n puedes realizar cualquier tipo de donaci\u00f3n para apoyar nuestra causa. \u00a1Toda ayuda cuenta!<\/p>\n        <\/div>\n\n        <!-- Formulario de colaboraci\u00f3n -->\n        <div class=\"highlight-box mt-5\">\n            <h2>Formulario de Colaboraci\u00f3n<\/h2>\n            <p>Si deseas colaborar o hacerte socio, completa el siguiente formulario. Nos pondremos en contacto contigo a la mayor brevedad.<\/p>\n            <div class=\"wpforms-container wpforms-container-full wpforms-render-modern\" id=\"wpforms-2939\"><form id=\"wpforms-form-2939\" class=\"wpforms-validate wpforms-form wpforms-ajax-form\" data-formid=\"2939\" method=\"post\" enctype=\"multipart\/form-data\" action=\"\/index.php\/wp-json\/wp\/v2\/pages\/2294\" data-token=\"58d1ea715556cd06cc0422846ab3d48c\" data-token-time=\"1776163288\"><noscript class=\"wpforms-error-noscript\">Por favor, activa JavaScript en tu navegador para completar este formulario.<\/noscript><div class=\"wpforms-hidden\" id=\"wpforms-error-noscript\">Por favor, activa JavaScript en tu navegador para completar este formulario.<\/div><div class=\"wpforms-field-container\"><div id=\"wpforms-2939-field_1-container\" class=\"wpforms-field wpforms-field-name\" data-field-id=\"1\"><fieldset><legend class=\"wpforms-field-label\">Nombre <span class=\"wpforms-required-label\" aria-hidden=\"true\">*<\/span><\/legend><div class=\"wpforms-field-row wpforms-field-medium\"><div class=\"wpforms-field-row-block wpforms-first wpforms-one-half\"><input type=\"text\" id=\"wpforms-2939-field_1\" class=\"wpforms-field-name-first wpforms-field-required\" name=\"wpforms[fields][1][first]\" aria-errormessage=\"wpforms-2939-field_1-error\" required><label for=\"wpforms-2939-field_1\" class=\"wpforms-field-sublabel after\">Nombre<\/label><\/div><div class=\"wpforms-field-row-block wpforms-one-half\"><input type=\"text\" id=\"wpforms-2939-field_1-last\" class=\"wpforms-field-name-last wpforms-field-required\" name=\"wpforms[fields][1][last]\" aria-errormessage=\"wpforms-2939-field_1-last-error\" required><label for=\"wpforms-2939-field_1-last\" class=\"wpforms-field-sublabel after\">Apellidos<\/label><\/div><\/div><\/fieldset><\/div><div id=\"wpforms-2939-field_2-container\" class=\"wpforms-field wpforms-field-email\" data-field-id=\"2\"><label class=\"wpforms-field-label\" for=\"wpforms-2939-field_2\">Correo electr\u00f3nico <span class=\"wpforms-required-label\" aria-hidden=\"true\">*<\/span><\/label><input type=\"email\" id=\"wpforms-2939-field_2\" class=\"wpforms-field-medium wpforms-field-required\" name=\"wpforms[fields][2]\" spellcheck=\"false\" aria-errormessage=\"wpforms-2939-field_2-error\" required><\/div><div id=\"wpforms-2939-field_3-container\" class=\"wpforms-field wpforms-field-textarea\" data-field-id=\"3\"><label class=\"wpforms-field-label\" for=\"wpforms-2939-field_3\">Comentario o mensaje<\/label><textarea id=\"wpforms-2939-field_3\" class=\"wpforms-field-medium\" name=\"wpforms[fields][3]\" aria-errormessage=\"wpforms-2939-field_3-error\" ><\/textarea><\/div><\/div><!-- .wpforms-field-container --><div class=\"wpforms-recaptcha-container wpforms-is-hcaptcha\" ><div class=\"g-recaptcha\" data-sitekey=\"be1aeac0-93a2-47cc-901a-996c2aca3e12\"><\/div><input type=\"text\" name=\"g-recaptcha-hidden\" class=\"wpforms-recaptcha-hidden\" style=\"position:absolute!important;clip:rect(0,0,0,0)!important;height:1px!important;width:1px!important;border:0!important;overflow:hidden!important;padding:0!important;margin:0!important;\" data-rule-hcaptcha=\"1\"><\/div><div class=\"wpforms-submit-container\" ><input type=\"hidden\" name=\"wpforms[id]\" value=\"2939\"><input type=\"hidden\" name=\"page_title\" value=\"\"><input type=\"hidden\" name=\"page_url\" value=\"https:\/\/www.serendipiabaleares.com\/index.php\/wp-json\/wp\/v2\/pages\/2294\"><button type=\"submit\" name=\"wpforms[submit]\" id=\"wpforms-submit-2939\" class=\"wpforms-submit\" data-alt-text=\"Enviando...\" data-submit-text=\"Enviar\" aria-live=\"assertive\" value=\"wpforms-submit\">Enviar<\/button><img loading=\"lazy\" decoding=\"async\" src=\"https:\/\/www.serendipiabaleares.com\/wp-content\/plugins\/wpforms-lite\/assets\/images\/submit-spin.svg\" class=\"wpforms-submit-spinner\" style=\"display: none;\" width=\"26\" height=\"26\" alt=\"Cargando\"><\/div><\/form><\/div>  <!-- .wpforms-container -->\n        <\/div>\n    <\/div>\n<\/section>\n\n<script src=\"https:\/\/cdn.jsdelivr.net\/npm\/bootstrap@5.3.0\/dist\/js\/bootstrap.bundle.min.js\"><\/script>\n","protected":false},"excerpt":{"rendered":"<p>Colabora con Nosotros Visibilizamos y concienciamos sobre lo que supone vivir con una enfermedad cr\u00f3nica. Nuestra misi\u00f3n incluye dar a conocer las enfermedades renales glomerulares, prestar apoyo emocional, acompa\u00f1ar demandas individuales y promover la investigaci\u00f3n. \u00a1\u00danete a nuestra causa y ayuda a marcar la diferencia! Hacerse Socio Ser socio de nuestra asociaci\u00f3n significa contribuir activamente [&hellip;]<\/p>\n","protected":false},"author":1,"featured_media":0,"parent":0,"menu_order":0,"comment_status":"closed","ping_status":"closed","template":"","meta":{"footnotes":""},"class_list":["post-2294","page","type-page","status-publish","hentry","clearfix"],"_links":{"self":[{"href":"https:\/\/www.serendipiabaleares.com\/index.php\/wp-json\/wp\/v2\/pages\/2294","targetHints":{"allow":["GET"]}}],"collection":[{"href":"https:\/\/www.serendipiabaleares.com\/index.php\/wp-json\/wp\/v2\/pages"}],"about":[{"href":"https:\/\/www.serendipiabaleares.com\/index.php\/wp-json\/wp\/v2\/types\/page"}],"author":[{"embeddable":true,"href":"https:\/\/www.serendipiabaleares.com\/index.php\/wp-json\/wp\/v2\/users\/1"}],"replies":[{"embeddable":true,"href":"https:\/\/www.serendipiabaleares.com\/index.php\/wp-json\/wp\/v2\/comments?post=2294"}],"version-history":[{"count":17,"href":"https:\/\/www.serendipiabaleares.com\/index.php\/wp-json\/wp\/v2\/pages\/2294\/revisions"}],"predecessor-version":[{"id":3304,"href":"https:\/\/www.serendipiabaleares.com\/index.php\/wp-json\/wp\/v2\/pages\/2294\/revisions\/3304"}],"wp:attachment":[{"href":"https:\/\/www.serendipiabaleares.com\/index.php\/wp-json\/wp\/v2\/media?parent=2294"}],"curies":[{"name":"wp","href":"https:\/\/api.w.org\/{rel}","templated":true}]}}