{"id":2942,"date":"2024-12-10T14:26:56","date_gmt":"2024-12-10T13:26:56","guid":{"rendered":"https:\/\/www.serendipiabaleares.com\/?page_id=2942"},"modified":"2024-12-23T22:10:48","modified_gmt":"2024-12-23T21:10:48","slug":"contacta-serendipia","status":"publish","type":"page","link":"https:\/\/www.serendipiabaleares.com\/index.php\/contacta-serendipia\/","title":{"rendered":"Contacta con Serendipia"},"content":{"rendered":"\n<style>\n.banner {\n  background: url('https:\/\/www.serendipiabaleares.com\/wp-content\/uploads\/2024\/12\/contactaconnos.png') no-repeat center center;\n  background-size: cover;\n  height: 400px;\n  display: flex;\n  align-items: center;\n  justify-content: center;\n  color: white;\n  text-shadow: 0 2px 4px rgba(0, 0, 0, 0.8);\n  border-radius: 20px; \/* A\u00f1adido para redondear los bordes *\/\n}\n\n  .form-section {\n    background: #f8f9fa;\n    padding: 50px 0;\n    display: flex;\n    flex-direction: column;\n    align-items: center;\n    min-height: 100vh;\n    width: 100%;\n  }\n\n  .form-container,\n  .contact-info {\n    border-radius: 8px;\n    padding: 20px;\n    background: white;\n    box-shadow: 0 4px 8px rgba(0, 0, 0, 0.1);\n    width: 100%;\n    max-width: 100%;\n  }\n\n  .contact-info {\n    margin-bottom: 30px;\n  }\n\n  .logo-container img {\n    max-width: 350px;\n    margin: 20px auto;\n    display: block;\n  }\n\n  .mission-list {\n    list-style: none;\n    padding-left: 0;\n    margin-top: 20px;\n  }\n\n  .mission-list li {\n    display: flex;\n    align-items: start;\n    margin-bottom: 15px;\n  }\n\n  .mission-list li i {\n    font-size: 1.5rem;\n    color: #0d6efd;\n    margin-right: 10px;\n  }\n\n  .mission-list li span {\n    font-size: 1rem;\n    color: #212529;\n  }\n\n  @media (max-width: 768px) {\n    .form-section {\n      padding: 20px;\n    }\n\n    .row {\n      flex-direction: column;\n      gap: 30px;\n    }\n\n    .contact-info,\n    .form-container {\n      width: 100%;\n    }\n  }\n<\/style>\n\n<header class=\"banner\" role=\"banner\" aria-label=\"Banner principal de contacto de la Asociaci\u00f3n Serendipia\">\n<\/header>\n\n<div class=\"form-section\">\n  <div class=\"container\">\n    <div class=\"row\">\n      <!-- Informaci\u00f3n de contacto -->\n      <section class=\"col-lg-12 contact-info\" role=\"region\" aria-labelledby=\"contact-info-title\">\n        <h2 id=\"contact-info-title\" class=\"text-primary fw-bold mb-4 text-center\">Informaci\u00f3n de Contacto<\/h2>\n        <!-- Logotipo -->\n        <div class=\"logo-container\">\n          <img decoding=\"async\" \n            src=\"https:\/\/www.serendipiabaleares.com\/wp-content\/uploads\/2024\/12\/seren_logo_web.png\" \n            alt=\"Logotipo de Serendipia, Asociaci\u00f3n Balear de Enfermedades Glomerulares\">\n        <\/div>\n        <p class=\"text-muted\">\n          Bienvenido al formulario de contacto de <strong>Serendipia<\/strong>, la Asociaci\u00f3n Balear de Enfermedades Glomerulares.\n          Aqu\u00ed puedes enviarnos tus consultas, dudas o comentarios. Nos pondremos en contacto contigo lo antes posible.\n        <\/p>\n        <p class=\"text-muted\">\n          Recuerda que nuestra misi\u00f3n es:\n        <\/p>\n        <ul class=\"mission-list\">\n          <li>\n            <i class=\"fas fa-hands-helping\" aria-hidden=\"true\"><\/i>\n            <span>Acoger, acompa\u00f1ar y apoyar a los nuevos diagnosticados.<\/span>\n          <\/li>\n          <li>\n            <i class=\"fas fa-lightbulb\" aria-hidden=\"true\"><\/i>\n            <span>Dar visibilidad a estas enfermedades y fomentar la investigaci\u00f3n en nuevos tratamientos.<\/span>\n          <\/li>\n          <li>\n            <i class=\"fas fa-heartbeat\" aria-hidden=\"true\"><\/i>\n            <span>Luchar por minimizar los casos de entrada en di\u00e1lisis.<\/span>\n          <\/li>\n        <\/ul>\n        <ul class=\"list-unstyled mt-4\">\n          <li class=\"mb-4\">\n            <i class=\"fas fa-phone\" aria-hidden=\"true\"><\/i>\n            <span class=\"ms-2 fs-5\">+34 676493349<\/span>\n          <\/li>\n          <li class=\"mb-4\">\n            <i class=\"fas fa-envelope\" aria-hidden=\"true\"><\/i>\n            <span class=\"ms-2 fs-5\">info@asociacionserendipia.org<\/span>\n          <\/li>\n          <li class=\"mb-4\">\n            <i class=\"fas fa-map-marker-alt\" aria-hidden=\"true\"><\/i>\n            <span class=\"ms-2 fs-5\">Hospital Son Espases. Servicio de Nefrolog\u00eda<\/span>\n          <\/li>\n        <\/ul>\n      <\/section>\n\n      <!-- Formulario -->\n      <section class=\"col-lg-12 form-container\" role=\"form\" aria-labelledby=\"contact-form-title\">\n        <h3 id=\"contact-form-title\" class=\"text-center text-primary mb-4\">Env\u00edanos un mensaje<\/h3>\n        <p class=\"text-muted text-center\">Rellena los campos y te responderemos pronto.<\/p>\n        <!-- Shortcode del formulario -->\n        <div>\n          <div class=\"wpforms-container wpforms-container-full wpforms-render-modern\" id=\"wpforms-2939\"><form id=\"wpforms-form-2939\" class=\"wpforms-validate wpforms-form wpforms-ajax-form\" data-formid=\"2939\" method=\"post\" enctype=\"multipart\/form-data\" action=\"\/index.php\/wp-json\/wp\/v2\/pages\/2942\" data-token=\"58d1ea715556cd06cc0422846ab3d48c\" data-token-time=\"1776163366\"><noscript class=\"wpforms-error-noscript\">Por favor, activa JavaScript en tu navegador para completar este formulario.<\/noscript><div class=\"wpforms-hidden\" id=\"wpforms-error-noscript\">Por favor, activa JavaScript en tu navegador para completar este formulario.<\/div><div class=\"wpforms-field-container\"><div id=\"wpforms-2939-field_1-container\" class=\"wpforms-field wpforms-field-name\" data-field-id=\"1\"><fieldset><legend class=\"wpforms-field-label\">Nombre <span class=\"wpforms-required-label\" aria-hidden=\"true\">*<\/span><\/legend><div class=\"wpforms-field-row wpforms-field-medium\"><div class=\"wpforms-field-row-block wpforms-first wpforms-one-half\"><input type=\"text\" id=\"wpforms-2939-field_1\" class=\"wpforms-field-name-first wpforms-field-required\" name=\"wpforms[fields][1][first]\" aria-errormessage=\"wpforms-2939-field_1-error\" required><label for=\"wpforms-2939-field_1\" class=\"wpforms-field-sublabel after\">Nombre<\/label><\/div><div class=\"wpforms-field-row-block wpforms-one-half\"><input type=\"text\" id=\"wpforms-2939-field_1-last\" class=\"wpforms-field-name-last wpforms-field-required\" name=\"wpforms[fields][1][last]\" aria-errormessage=\"wpforms-2939-field_1-last-error\" required><label for=\"wpforms-2939-field_1-last\" class=\"wpforms-field-sublabel after\">Apellidos<\/label><\/div><\/div><\/fieldset><\/div><div id=\"wpforms-2939-field_2-container\" class=\"wpforms-field wpforms-field-email\" data-field-id=\"2\"><label class=\"wpforms-field-label\" for=\"wpforms-2939-field_2\">Correo electr\u00f3nico <span class=\"wpforms-required-label\" aria-hidden=\"true\">*<\/span><\/label><input type=\"email\" id=\"wpforms-2939-field_2\" class=\"wpforms-field-medium wpforms-field-required\" name=\"wpforms[fields][2]\" spellcheck=\"false\" aria-errormessage=\"wpforms-2939-field_2-error\" required><\/div><div id=\"wpforms-2939-field_3-container\" class=\"wpforms-field wpforms-field-textarea\" data-field-id=\"3\"><label class=\"wpforms-field-label\" for=\"wpforms-2939-field_3\">Comentario o mensaje<\/label><textarea id=\"wpforms-2939-field_3\" class=\"wpforms-field-medium\" name=\"wpforms[fields][3]\" aria-errormessage=\"wpforms-2939-field_3-error\" ><\/textarea><\/div><\/div><!-- .wpforms-field-container --><div class=\"wpforms-recaptcha-container wpforms-is-hcaptcha\" ><div class=\"g-recaptcha\" data-sitekey=\"be1aeac0-93a2-47cc-901a-996c2aca3e12\"><\/div><input type=\"text\" name=\"g-recaptcha-hidden\" class=\"wpforms-recaptcha-hidden\" style=\"position:absolute!important;clip:rect(0,0,0,0)!important;height:1px!important;width:1px!important;border:0!important;overflow:hidden!important;padding:0!important;margin:0!important;\" data-rule-hcaptcha=\"1\"><\/div><div class=\"wpforms-submit-container\" ><input type=\"hidden\" name=\"wpforms[id]\" value=\"2939\"><input type=\"hidden\" name=\"page_title\" value=\"\"><input type=\"hidden\" name=\"page_url\" value=\"https:\/\/www.serendipiabaleares.com\/index.php\/wp-json\/wp\/v2\/pages\/2942\"><button type=\"submit\" name=\"wpforms[submit]\" id=\"wpforms-submit-2939\" class=\"wpforms-submit\" data-alt-text=\"Enviando...\" data-submit-text=\"Enviar\" aria-live=\"assertive\" value=\"wpforms-submit\">Enviar<\/button><img loading=\"lazy\" decoding=\"async\" src=\"https:\/\/www.serendipiabaleares.com\/wp-content\/plugins\/wpforms-lite\/assets\/images\/submit-spin.svg\" class=\"wpforms-submit-spinner\" style=\"display: none;\" width=\"26\" height=\"26\" alt=\"Cargando\"><\/div><\/form><\/div>  <!-- .wpforms-container -->\n        <\/div>\n      <\/section>\n    <\/div>\n  <\/div>\n<\/div>\n\n\n\n<p><\/p>\n","protected":false},"excerpt":{"rendered":"<p>Informaci\u00f3n de Contacto Bienvenido al formulario de contacto de Serendipia, la Asociaci\u00f3n Balear de Enfermedades Glomerulares. Aqu\u00ed puedes enviarnos tus consultas, dudas o comentarios. Nos pondremos en contacto contigo lo antes posible. Recuerda que nuestra misi\u00f3n es: Acoger, acompa\u00f1ar y apoyar a los nuevos diagnosticados. Dar visibilidad a estas enfermedades y fomentar la investigaci\u00f3n en [&hellip;]<\/p>\n","protected":false},"author":1,"featured_media":0,"parent":0,"menu_order":0,"comment_status":"closed","ping_status":"closed","template":"","meta":{"footnotes":""},"class_list":["post-2942","page","type-page","status-publish","hentry","clearfix"],"_links":{"self":[{"href":"https:\/\/www.serendipiabaleares.com\/index.php\/wp-json\/wp\/v2\/pages\/2942","targetHints":{"allow":["GET"]}}],"collection":[{"href":"https:\/\/www.serendipiabaleares.com\/index.php\/wp-json\/wp\/v2\/pages"}],"about":[{"href":"https:\/\/www.serendipiabaleares.com\/index.php\/wp-json\/wp\/v2\/types\/page"}],"author":[{"embeddable":true,"href":"https:\/\/www.serendipiabaleares.com\/index.php\/wp-json\/wp\/v2\/users\/1"}],"replies":[{"embeddable":true,"href":"https:\/\/www.serendipiabaleares.com\/index.php\/wp-json\/wp\/v2\/comments?post=2942"}],"version-history":[{"count":41,"href":"https:\/\/www.serendipiabaleares.com\/index.php\/wp-json\/wp\/v2\/pages\/2942\/revisions"}],"predecessor-version":[{"id":3414,"href":"https:\/\/www.serendipiabaleares.com\/index.php\/wp-json\/wp\/v2\/pages\/2942\/revisions\/3414"}],"wp:attachment":[{"href":"https:\/\/www.serendipiabaleares.com\/index.php\/wp-json\/wp\/v2\/media?parent=2942"}],"curies":[{"name":"wp","href":"https:\/\/api.w.org\/{rel}","templated":true}]}}