{"id":3170,"date":"2024-12-21T07:58:01","date_gmt":"2024-12-21T06:58:01","guid":{"rendered":"https:\/\/www.serendipiabaleares.com\/?page_id=3170"},"modified":"2024-12-23T15:30:47","modified_gmt":"2024-12-23T14:30:47","slug":"la-glomerulonefritis","status":"publish","type":"page","link":"https:\/\/www.serendipiabaleares.com\/index.php\/la-glomerulonefritis\/","title":{"rendered":"La glomerulonefritis"},"content":{"rendered":"\n<style>\n\n   .rounded-image {\n        border-radius: 15px; \/* Ajusta este valor para m\u00e1s o menos redondeo *\/\n        overflow: hidden; \/* Asegura que las esquinas recortadas sean visibles *\/\n    }\n        .content-section {\n            margin-top: 30px;\n            text-align: left;\n        }\n\n        .highlight {\n            background-color: #f8f9fa;\n            padding: 20px;\n            border-left: 5px solid #007bff;\n            border-radius: 5px;\n        }\n\n        .footer {\n            background-color: #343a40;\n            color: white;\n            padding: 20px;\n            text-align: center;\n        }\n    <\/style>\n\n\n\n    <!-- Contenido principal -->\n    <main class=\"container mt-5\">\n        <section class=\"highlight content-section\">\n            <h2>\u00bfQu\u00e9 es la Glomerulonefritis?<\/h2>\n            <p>La glomerulonefritis, tambi\u00e9n conocida como enfermedad glomerular o glomerulopat\u00eda, es un tipo de alteraci\u00f3n renal causada por da\u00f1os en los glom\u00e9rulos. Estos da\u00f1os hacen que los glom\u00e9rulos no puedan depurar los desechos y el agua correctamente. Puede clasificarse en dos tipos:<\/p>\n            <ul>\n                <li>Glomerulonefritis aguda: surge s\u00fabitamente, por ejemplo, debido a una infecci\u00f3n viral.<\/li>\n                <li>Glomerulonefritis cr\u00f3nica: progresa lentamente debido a factores como la presi\u00f3n arterial alta.<\/li>\n            <\/ul>\n        <\/section>\n       <!-- Imagen representativa (ocupa todo el ancho) -->\n<section class=\"content-section\">\n        <div class=\"row justify-content-center mb-5\">\n            <div class=\"col-12\">\n                <img decoding=\"async\" src=\"\/wp-content\/uploads\/2024\/12\/banner1nefro.png\" alt=\"Imagen de la Asociaci\u00f3n, mostrando a un grupo de personas reunidas en apoyo mutuo\" class=\"img-fluid img-full-width rounded-image\" \/>\n            <\/div>\n        <\/div>\n<\/section>\n        <section class=\"content-section\">\n            <h2>\u00bfCu\u00e1les son los s\u00edntomas?<\/h2>\n            <p>Los s\u00edntomas pueden incluir:<\/p>\n            <ul>\n                <li>Sangre en la orina (rosada, roja o caf\u00e9).<\/li>\n                <li>Orina espumosa o burbujeante.<\/li>\n                <li>Presi\u00f3n arterial alta.<\/li>\n                <li>Anemia, hinchaz\u00f3n, cansancio y otros.<\/li>\n            <\/ul>\n            <p>Si no se trata, puede provocar problemas graves como falla renal o s\u00edndrome nefr\u00f3tico.<\/p>\n        <\/section>\n\n        <section class=\"highlight content-section\">\n            <h2>\u00bfCu\u00e1l es la causa?<\/h2>\n            <p>Las causas incluyen infecciones, enfermedades autoinmunitarias, c\u00e1nceres y vasculitis. En algunos casos, la causa es desconocida.<\/p>\n        <\/section>\n\n        <section class=\"content-section\">\n            <h2>Diagn\u00f3stico y tratamiento<\/h2>\n            <p>Para diagnosticar la glomerulonefritis, se realizan an\u00e1lisis de sangre y orina, pruebas de imagen y biopsias renales. El tratamiento depende de la causa, e incluye medicamentos para controlar la presi\u00f3n arterial, antibi\u00f3ticos para infecciones y, en algunos casos, la glomerulonefritis mejora sin tratamiento.<\/p>\n        <\/section>\n\n        <section class=\"content-section\">\n            <h2>\u00bfC\u00f3mo prevenirla?<\/h2>\n            <p>Para reducir el riesgo de desarrollar glomerulonefritis:<\/p>\n            <ul>\n                <li>Trate las infecciones de inmediato.<\/li>\n                <li>Practique sexo seguro.<\/li>\n                <li>Evite el uso de drogas ilegales.<\/li>\n                <li>No exceda las dosis recomendadas de medicamentos de venta libre.<\/li>\n            <\/ul>\n        <\/section>\n","protected":false},"excerpt":{"rendered":"<p>\u00bfQu\u00e9 es la Glomerulonefritis? La glomerulonefritis, tambi\u00e9n conocida como enfermedad glomerular o glomerulopat\u00eda, es un tipo de alteraci\u00f3n renal causada por da\u00f1os en los glom\u00e9rulos. Estos da\u00f1os hacen que los glom\u00e9rulos no puedan depurar los desechos y el agua correctamente. Puede clasificarse en dos tipos: Glomerulonefritis aguda: surge s\u00fabitamente, por ejemplo, debido a una infecci\u00f3n [&hellip;]<\/p>\n","protected":false},"author":1,"featured_media":0,"parent":0,"menu_order":0,"comment_status":"closed","ping_status":"closed","template":"","meta":{"footnotes":""},"class_list":["post-3170","page","type-page","status-publish","hentry","clearfix"],"_links":{"self":[{"href":"https:\/\/www.serendipiabaleares.com\/index.php\/wp-json\/wp\/v2\/pages\/3170","targetHints":{"allow":["GET"]}}],"collection":[{"href":"https:\/\/www.serendipiabaleares.com\/index.php\/wp-json\/wp\/v2\/pages"}],"about":[{"href":"https:\/\/www.serendipiabaleares.com\/index.php\/wp-json\/wp\/v2\/types\/page"}],"author":[{"embeddable":true,"href":"https:\/\/www.serendipiabaleares.com\/index.php\/wp-json\/wp\/v2\/users\/1"}],"replies":[{"embeddable":true,"href":"https:\/\/www.serendipiabaleares.com\/index.php\/wp-json\/wp\/v2\/comments?post=3170"}],"version-history":[{"count":17,"href":"https:\/\/www.serendipiabaleares.com\/index.php\/wp-json\/wp\/v2\/pages\/3170\/revisions"}],"predecessor-version":[{"id":3387,"href":"https:\/\/www.serendipiabaleares.com\/index.php\/wp-json\/wp\/v2\/pages\/3170\/revisions\/3387"}],"wp:attachment":[{"href":"https:\/\/www.serendipiabaleares.com\/index.php\/wp-json\/wp\/v2\/media?parent=3170"}],"curies":[{"name":"wp","href":"https:\/\/api.w.org\/{rel}","templated":true}]}}