{"id":3196,"date":"2024-12-21T09:02:17","date_gmt":"2024-12-21T08:02:17","guid":{"rendered":"https:\/\/www.serendipiabaleares.com\/?page_id=3196"},"modified":"2024-12-23T22:03:23","modified_gmt":"2024-12-23T21:03:23","slug":"convenios-de-colaboracion","status":"publish","type":"page","link":"https:\/\/www.serendipiabaleares.com\/index.php\/convenios-de-colaboracion\/","title":{"rendered":"Convenios de Colaboraci\u00f3n"},"content":{"rendered":"\n<style>\n    \/* Estilo para las im\u00e1genes circulares *\/\n    .team-member {\n        width: 150px;\n        height: 150px;\n        border-radius: 50%;\n        object-fit: cover;\n        transition: transform 0.3s ease;\n    }\n\n    \/* Efecto hover para el equipo *\/\n    .team-member:hover {\n        transform: scale(1.1);\n    }\n\n    \/* Estilo del contenedor de texto *\/\n    .section-header {\n        text-align: center;\n        margin-bottom: 30px;\n    }\n\n    .team-card {\n        text-align: center;\n        margin-bottom: 20px;\n    }\n\n    .team-card h6 {\n        margin-top: 10px;\n        font-weight: bold;\n    }\n\n    .team-card p {\n        font-style: italic;\n    }\n\n    \/* Hacer que la imagen de la asociaci\u00f3n ocupe el 100% del ancho *\/\n    .img-full-width {\n        width: 100%;\n        height: auto;\n    }\n\n    \/* Justificaci\u00f3n del texto *\/\n    .text-justify {\n        text-align: justify;\n    }\n\n    .text-justify-left {\n        text-align: left;\n    }\n\n    \/* Estilo del apartado resaltado *\/\n    .highlight-box {\n        background-color: #f8f9fa;\n        border-left: 5px solid #007bff;\n        padding: 20px;\n        margin-top: 40px;\n    }\n\n    \/* Mejora en la accesibilidad *\/\n    .highlight-box h4,\n    .highlight-box p {\n        margin-bottom: 10px;\n    }\n\n    \/* Estilo del bot\u00f3n de contacto *\/\n    .contact-button {\n        text-align: center;\n        margin-top: 40px;\n    }\n\n    .contact-button a {\n        background-color: #27AAE3;\n        color: black;\n        padding: 15px 30px;\n        font-size: 18px;\n        border-radius: 5px;\n        text-decoration: none;\n        transition: background-color 0.3s ease;\n    }\n\n    .contact-button a:hover {\n        background-color: #0056b3;\n    }\n<\/style>\n\n<section id=\"quienes-somos\" class=\"py-5 bg-light\" >\n    <div class=\"container\">\n        <!-- T\u00edtulo y Descripci\u00f3n -->\n        <div class=\"section-header\">\n            <div class=\"highlight-box\" role=\"contentinfo\">\n                <p class=\"text-justify-left\">\n                    En nuestra asociaci\u00f3n, creemos firmemente en el poder de las alianzas estrat\u00e9gicas y en la importancia de trabajar juntos para lograr un impacto positivo en la comunidad. Los convenios de colaboraci\u00f3n son una herramienta clave para fortalecer nuestro compromiso con el desarrollo social, la innovaci\u00f3n y el bienestar de las personas. A trav\u00e9s de estos acuerdos, buscamos establecer relaciones duraderas con entidades p\u00fablicas, privadas y otras organizaciones de la sociedad civil, con el objetivo de sumar esfuerzos en proyectos que promuevan el progreso y la equidad.\n                <\/p>\n            <\/div>\n        <\/div>\n\n        <!-- Imagen representativa (ocupa todo el ancho) -->\n        <div class=\"row justify-content-center mb-5\">\n            <div class=\"col-12\">\n                <img decoding=\"async\" src=\"\/wp-content\/uploads\/2024\/12\/banner_coop.png\" alt=\"Imagen de la Asociaci\u00f3n, mostrando a un grupo de personas reunidas en apoyo mutuo\" class=\"img-fluid img-full-width rounded-image\" \/>\n            <\/div>\n        <\/div>\n\n        <!-- Apartado Resaltado - Informaci\u00f3n de la Asociaci\u00f3n -->\n        <div class=\"highlight-box\" role=\"contentinfo\">\n            <h2><strong>Serendipia: Asociaci\u00f3n Sin \u00c1nimo de Lucro<\/strong><\/h2>\n            <p>Cada convenio de colaboraci\u00f3n refleja nuestra misi\u00f3n de crear un entorno colaborativo en el que todos los actores implicados puedan compartir recursos, conocimientos y experiencias, optimizando as\u00ed los resultados y beneficiando a quienes m\u00e1s lo necesitan.<\/p>\n        <p>A continuaci\u00f3n, encontrar\u00e1s informaci\u00f3n detallada sobre nuestros convenios actuales y las oportunidades para colaborar con nosotros en iniciativas transformadoras.<\/p>\n        <\/div>\n\n   \n  \n   <\/div>\n<\/section>\n\n\n<style>\n    \/* Personalizaci\u00f3n de estilos *\/\n    #como-surge {\n        background-color: #f8f9fa; \/* Fondo claro *\/\n    }\n\n    #como-surge h2 {\n        font-size: 2.5rem;\n        margin-bottom: 20px;\n        text-align: center; \/* Asegura centrado del t\u00edtulo *\/\n    }\n\n    #como-surge p.lead {\n        font-size: 1.2rem;\n        color: #6c757d; \/* Mejor contraste para accesibilidad *\/\n    }\n\n    #como-surge ul {\n        list-style-type: disc;\n        padding-left: 20px;\n    }\n\n    #como-surge ul li {\n        margin-bottom: 10px;\n    }\n\n    #como-surge .border-left {\n        border-width: 5px !important;\n        padding-left: 15px;\n    }\n\n    #como-surge img {\n        max-width: 100%;\n        height: auto;\n        border-radius: 0.5rem;\n        box-shadow: 0 4px 6px rgba(0, 0, 0, 0.1);\n    }\n\n    .shadowed-background {\n              background-color: #f8f9fa;\n              box-shadow: 0 4px 8px rgba(0, 0, 0, 0.1);\n              border-radius: 8px;\n              padding: 20px;\n            }\n            .rounded-image {\n              border-radius: 12px;\n            }\n<\/style>\n\n\n\n\n          \n        <section class=\"shadowed-background my-5\" aria-labelledby=\"collaboration-title\">\n  <div class=\"row align-items-center mx-0\">\n    <!-- Imagen a la izquierda -->\n    <div class=\"col-md-6 px-4\">\n      <figure>\n        <img decoding=\"async\" \n          src=\"\/wp-content\/uploads\/2024\/12\/ib3.png\" \n          alt=\"Convenio de colaboraci\u00f3n con IB3\" \n          class=\"img-fluid rounded-image\" \/>\n        <figcaption class=\"sr-only\">\n          Imagen relacionada con el convenio de colaboraci\u00f3n con IB3.\n        <\/figcaption>\n      <\/figure>\n    <\/div>\n\n    <!-- Texto a la derecha -->\n    <div class=\"col-md-6 px-4\">\n      <h2 id=\"collaboration-title\" class=\"h4\">\n        \u00a1Un paso importante para la Asociaci\u00f3n Serendipia!\n      <\/h2>\n      <p>\n       El 8 del Octubre de 2024 la Asociaci\u00f3n Serendipia firm\u00f3 un convenio de colaboraci\u00f3n con IB3, la radiotelevisi\u00f3n p\u00fablica de Baleares, gracias a su programa de responsabilidad social <strong>\u201cTots donam una m\u00e0\u201d<\/strong>.\n      <\/p>\n      <p>\n        Este acuerdo nos permitir\u00e1 dar voz a nuestras actividades y a la visibilizaci\u00f3n de las enfermedades glomerulares a trav\u00e9s de sus medios de comunicaci\u00f3n, \u00a1y estamos emocionados por el impacto que esto tendr\u00e1!\n      <\/p>\n      <p>\n        Esta colaboraci\u00f3n no solo nos ayuda a concienciar sobre lo que supone vivir con una enfermedad renal cr\u00f3nica, sino tambi\u00e9n a impulsar la investigaci\u00f3n y ofrecer apoyo emocional a quienes lo necesitan. Pero para lograr todo esto, necesitamos que nuestra comunidad siga creciendo y participando activamente.\n      <\/p>\n    <\/div>\n  <\/div>\n<\/section>\n\n                  <!-- Secci\u00f3n de contacto -->\n        <div class=\"contact-button\">\n            <h3>\u00bfTienes alguna duda?<\/h3>\n            <p>Si necesitas m\u00e1s informaci\u00f3n, no dudes en ponerte en contacto con nosotros.<\/p>\n            <a href=\"\/index.php\/contacta-serendipia\/\" class=\"btn btn-primary\">Contacta con Nosotros<\/a>\n        <\/div>\n","protected":false},"excerpt":{"rendered":"<p>En nuestra asociaci\u00f3n, creemos firmemente en el poder de las alianzas estrat\u00e9gicas y en la importancia de trabajar juntos para lograr un impacto positivo en la comunidad. Los convenios de colaboraci\u00f3n son una herramienta clave para fortalecer nuestro compromiso con el desarrollo social, la innovaci\u00f3n y el bienestar de las personas. A trav\u00e9s de estos [&hellip;]<\/p>\n","protected":false},"author":1,"featured_media":0,"parent":0,"menu_order":0,"comment_status":"closed","ping_status":"closed","template":"","meta":{"footnotes":""},"class_list":["post-3196","page","type-page","status-publish","hentry","clearfix"],"_links":{"self":[{"href":"https:\/\/www.serendipiabaleares.com\/index.php\/wp-json\/wp\/v2\/pages\/3196","targetHints":{"allow":["GET"]}}],"collection":[{"href":"https:\/\/www.serendipiabaleares.com\/index.php\/wp-json\/wp\/v2\/pages"}],"about":[{"href":"https:\/\/www.serendipiabaleares.com\/index.php\/wp-json\/wp\/v2\/types\/page"}],"author":[{"embeddable":true,"href":"https:\/\/www.serendipiabaleares.com\/index.php\/wp-json\/wp\/v2\/users\/1"}],"replies":[{"embeddable":true,"href":"https:\/\/www.serendipiabaleares.com\/index.php\/wp-json\/wp\/v2\/comments?post=3196"}],"version-history":[{"count":17,"href":"https:\/\/www.serendipiabaleares.com\/index.php\/wp-json\/wp\/v2\/pages\/3196\/revisions"}],"predecessor-version":[{"id":3407,"href":"https:\/\/www.serendipiabaleares.com\/index.php\/wp-json\/wp\/v2\/pages\/3196\/revisions\/3407"}],"wp:attachment":[{"href":"https:\/\/www.serendipiabaleares.com\/index.php\/wp-json\/wp\/v2\/media?parent=3196"}],"curies":[{"name":"wp","href":"https:\/\/api.w.org\/{rel}","templated":true}]}}