{"id":3217,"date":"2024-12-21T09:52:19","date_gmt":"2024-12-21T08:52:19","guid":{"rendered":"https:\/\/www.serendipiabaleares.com\/?page_id=3217"},"modified":"2024-12-23T22:04:38","modified_gmt":"2024-12-23T21:04:38","slug":"proyectos-con-corazon","status":"publish","type":"page","link":"https:\/\/www.serendipiabaleares.com\/index.php\/proyectos-con-corazon\/","title":{"rendered":"Proyectos con Coraz\u00f3n"},"content":{"rendered":"\n<style>\n    \/* Estilo para las im\u00e1genes circulares *\/\n    .team-member {\n        width: 150px;\n        height: 150px;\n        border-radius: 50%;\n        object-fit: cover;\n        transition: transform 0.3s ease;\n    }\n\n    \/* Efecto hover para el equipo *\/\n    .team-member:hover {\n        transform: scale(1.1);\n    }\n\n    \/* Estilo del contenedor de texto *\/\n    .section-header {\n        text-align: center;\n        margin-bottom: 30px;\n    }\n\n    .team-card {\n        text-align: center;\n        margin-bottom: 20px;\n    }\n\n    .team-card h6 {\n        margin-top: 10px;\n        font-weight: bold;\n    }\n\n    .team-card p {\n        font-style: italic;\n    }\n\n    \/* Hacer que la imagen de la asociaci\u00f3n ocupe el 100% del ancho *\/\n    .img-full-width {\n        width: 100%;\n        height: auto;\n    }\n\n    \/* Justificaci\u00f3n del texto *\/\n    .text-justify {\n        text-align: left;\n    }\n\n    \/* Estilo del apartado resaltado *\/\n    .highlight-box {\n        background-color: #f8f9fa;\n        border-left: 5px solid #007bff;\n        padding: 20px;\n        margin-top: 40px;\n    }\n\n    \/* Mejora en la accesibilidad *\/\n    .highlight-box h4,\n    .highlight-box p {\n        margin-bottom: 10px;\n    }\n\n    \/* Estilo del bot\u00f3n de contacto *\/\n    .contact-button {\n        text-align: center;\n        margin-top: 40px;\n    }\n\n    .contact-button a {\n        background-color: #27AAE3;\n        color: black;\n        padding: 15px 30px;\n        font-size: 18px;\n        border-radius: 5px;\n        text-decoration: none;\n        transition: background-color 0.3s ease;\n    }\n\n    .contact-button a:hover {\n        background-color: #0056b3;\n    }\n<\/style>\n\n<section id=\"quienes-somos\" class=\"py-5 bg-light\">\n    <div class=\"container\">\n        <!-- T\u00edtulo y Descripci\u00f3n -->\n        <div class=\"section-header\">\n            <div class=\"highlight-box\" role=\"contentinfo\">\n                <p class=\"text-justify\">\n                    En Serendipia, creemos en el poder de la comunidad para generar cambios positivos y en la importancia de llevar a cabo proyectos que no solo sean significativos, sino que tambi\u00e9n nos inspiren y nos conecten. \n                <\/p>\n                <p class=\"text-justify\">\n                    Es por eso que, como primer proyecto, decidimos regalar un peque\u00f1o <strong>&#8220;garrover&#8221;<\/strong> a cada uno de nuestros socios. Este \u00e1rbol simb\u00f3lico representa nuestra uni\u00f3n, crecimiento y el impacto que podemos tener como colectivo.\n                <\/p>\n                <p class=\"text-justify\">\n                    Cada socio recibi\u00f3 un <strong>&#8220;garrover&#8221;<\/strong>, un \u00e1rbol que no solo nos acompa\u00f1ar\u00e1 en nuestra trayectoria, sino que tambi\u00e9n ser\u00e1 plantado por cada uno de nosotros, como s\u00edmbolo de nuestros valores compartidos.\n                <\/p>\n            <\/div>\n        <\/div>\n\n        <!-- Imagen representativa (ocupa todo el ancho) -->\n        <div class=\"row justify-content-center mb-5\">\n            <div class=\"col-12\">\n                <img decoding=\"async\" src=\"\/wp-content\/uploads\/2024\/12\/banner2-bosque.png\" alt=\"Imagen de la Asociaci\u00f3n, mostrando a un grupo de personas reunidas en apoyo mutuo\" class=\"img-fluid img-full-width rounded-image\" \/>\n            <\/div>\n        <\/div>\n\n        <!-- Apartado Resaltado - Informaci\u00f3n de la Asociaci\u00f3n -->\n        <div class=\"highlight-box\" role=\"contentinfo\">\n            <h2><strong>Creando Nuestro Bosque Serendipia<\/strong><\/h2>\n            <p class=\"text-justify\">\n                De esta forma, entre todos, crearemos nuestro propio <strong>Bosque Serendipia<\/strong>. A medida que nuestra comunidad crezca, tambi\u00e9n lo har\u00e1 este bosque, convirti\u00e9ndose en un reflejo tangible de lo que podemos lograr cuando nos apoyamos mutuamente.\n            <\/p>\n            <p class=\"text-justify\">\n                Este es solo el comienzo de muchos proyectos bonitos y motivadores que desarrollaremos juntos. Estamos convencidos de que cada paso que damos, por peque\u00f1o que sea, contribuye al fortalecimiento de nuestra comunidad y al cumplimiento de nuestra misi\u00f3n de apoyo, visibilidad y concienciaci\u00f3n.\n            <\/p>\n            <p class=\"text-justify\">\n                A continuaci\u00f3n, encontrar\u00e1s informaci\u00f3n detallada sobre nuestros convenios actuales y las oportunidades para colaborar con nosotros en iniciativas transformadoras.\n            <\/p>\n        <\/div>\n    <\/div>\n<\/section>\n\n\n<style>\n    \/* Personalizaci\u00f3n de estilos *\/\n    #como-surge {\n        background-color: #f8f9fa; \/* Fondo claro *\/\n    }\n\n    #como-surge h2 {\n        font-size: 2.5rem;\n        margin-bottom: 20px;\n        text-align: center; \/* Asegura centrado del t\u00edtulo *\/\n    }\n\n    #como-surge p.lead {\n        font-size: 1.2rem;\n        color: #6c757d; \/* Mejor contraste para accesibilidad *\/\n    }\n\n    #como-surge ul {\n        list-style-type: disc;\n        padding-left: 20px;\n    }\n\n    #como-surge ul li {\n        margin-bottom: 10px;\n    }\n\n    #como-surge .border-left {\n        border-width: 5px !important;\n        padding-left: 15px;\n    }\n\n    #como-surge img {\n        max-width: 100%;\n        height: auto;\n        border-radius: 0.5rem;\n        box-shadow: 0 4px 6px rgba(0, 0, 0, 0.1);\n    }\n\n    .shadowed-background {\n              background-color: #f8f9fa;\n              box-shadow: 0 4px 8px rgba(0, 0, 0, 0.1);\n              border-radius: 8px;\n              padding: 20px;\n            }\n            .rounded-image {\n              border-radius: 12px;\n            }\n<\/style>\n\n\n\n\n          \n<section class=\"shadowed-background my-5\" aria-labelledby=\"serendipia-forest-title\">\n    <div class=\"row align-items-center mx-0\">\n      <!-- Imagen a la izquierda -->\n      <div class=\"col-md-6 px-4\">\n        <figure>\n          <img decoding=\"async\" \n            src=\"\/wp-content\/uploads\/2024\/12\/garrover2.png\" \n            alt=\"Regalo del Garrover en la reuni\u00f3n de Navidad de la Asociaci\u00f3n Serendipia\"\n            class=\"img-fluid rounded-image\" \/>\n          <figcaption class=\"sr-only\">\n            Imagen de dos garroveres  plantados de los que se regalaron en la reuni\u00f3n de Navidad de Serendipia en Son Espases.\n          <\/figcaption>\n        <\/figure>\n      <\/div>\n  \n      <!-- Texto a la derecha -->\n      <div class=\"col-md-6 px-4\">\n        <h2 id=\"serendipia-forest-title\" class=\"h4\">\n          El Proyecto del Bosque Serendipia: Un Regalo de Navidad para la Comunidad\n        <\/h2>\n        <p>\n          En la reuni\u00f3n de Navidad de la Asociaci\u00f3n Serendipia, celebrada el 18 de diciembre de 2024 en Son Espases, un proyecto muy especial vio la luz. Como parte de nuestra misi\u00f3n de fomentar la colaboraci\u00f3n y el crecimiento de nuestra comunidad, decidimos regalar a todos nuestros socios un peque\u00f1o <strong>&#8220;garrover&#8221;<\/strong>, un \u00e1rbol que simboliza nuestros valores de uni\u00f3n, crecimiento y esperanza.\n        <\/p>\n        <p>\n          Cada uno de nuestros socios recibi\u00f3 su propio <strong>&#8220;garrover&#8221;<\/strong>, un \u00e1rbol que ser\u00e1 plantado y cuidado por ellos, creando as\u00ed el primer paso de nuestro <strong>Bosque Serendipia<\/strong>. Este bosque no solo representar\u00e1 el crecimiento de nuestra comunidad, sino que tambi\u00e9n ser\u00e1 un s\u00edmbolo tangible de nuestro compromiso con el medio ambiente y con un futuro m\u00e1s verde y sostenible.\n        <\/p>\n        <p>\n          Este regalo tiene un profundo significado, ya que, al igual que el <strong>&#8220;garrover&#8221;<\/strong>, nuestra comunidad crece con cada acci\u00f3n que tomamos. Cada \u00e1rbol plantado es una <strong>semilla de esperanza, uni\u00f3n y transformaci\u00f3n<\/strong> que florecer\u00e1 junto a nosotros. A medida que nuestra comunidad se expanda, nuestro bosque crecer\u00e1, reflejando el impacto positivo que podemos lograr trabajando juntos.\n        <\/p>\n        <p>\n          Estamos emocionados por ver c\u00f3mo este proyecto sigue creciendo y, como comunidad, esperamos seguir desarrollando iniciativas motivadoras que, al igual que este bosque, dejen una huella duradera en nuestras vidas y en el mundo que nos rodea.\n        <\/p>\n      <\/div>\n    <\/div>\n  <\/section>\n<section>\n                  <!-- Secci\u00f3n de contacto -->\n        <div class=\"contact-button\">\n            <h3>\u00bfTienes alguna duda?<\/h3>\n            <p>Si necesitas m\u00e1s informaci\u00f3n, no dudes en ponerte en contacto con nosotros.<\/p>\n            <a href=\"\/index.php\/contacta-serendipia\/\" class=\"btn btn-primary\">Contacta con Nosotros<\/a>\n        <\/div>\n<\/section>\n","protected":false},"excerpt":{"rendered":"<p>En Serendipia, creemos en el poder de la comunidad para generar cambios positivos y en la importancia de llevar a cabo proyectos que no solo sean significativos, sino que tambi\u00e9n nos inspiren y nos conecten. Es por eso que, como primer proyecto, decidimos regalar un peque\u00f1o &#8220;garrover&#8221; a cada uno de nuestros socios. Este \u00e1rbol [&hellip;]<\/p>\n","protected":false},"author":1,"featured_media":0,"parent":0,"menu_order":0,"comment_status":"closed","ping_status":"closed","template":"","meta":{"footnotes":""},"class_list":["post-3217","page","type-page","status-publish","hentry","clearfix"],"_links":{"self":[{"href":"https:\/\/www.serendipiabaleares.com\/index.php\/wp-json\/wp\/v2\/pages\/3217","targetHints":{"allow":["GET"]}}],"collection":[{"href":"https:\/\/www.serendipiabaleares.com\/index.php\/wp-json\/wp\/v2\/pages"}],"about":[{"href":"https:\/\/www.serendipiabaleares.com\/index.php\/wp-json\/wp\/v2\/types\/page"}],"author":[{"embeddable":true,"href":"https:\/\/www.serendipiabaleares.com\/index.php\/wp-json\/wp\/v2\/users\/1"}],"replies":[{"embeddable":true,"href":"https:\/\/www.serendipiabaleares.com\/index.php\/wp-json\/wp\/v2\/comments?post=3217"}],"version-history":[{"count":8,"href":"https:\/\/www.serendipiabaleares.com\/index.php\/wp-json\/wp\/v2\/pages\/3217\/revisions"}],"predecessor-version":[{"id":3408,"href":"https:\/\/www.serendipiabaleares.com\/index.php\/wp-json\/wp\/v2\/pages\/3217\/revisions\/3408"}],"wp:attachment":[{"href":"https:\/\/www.serendipiabaleares.com\/index.php\/wp-json\/wp\/v2\/media?parent=3217"}],"curies":[{"name":"wp","href":"https:\/\/api.w.org\/{rel}","templated":true}]}}