{"id":3244,"date":"2024-12-21T11:07:11","date_gmt":"2024-12-21T10:07:11","guid":{"rendered":"https:\/\/www.serendipiabaleares.com\/?page_id=3244"},"modified":"2024-12-23T22:09:41","modified_gmt":"2024-12-23T21:09:41","slug":"campanas-que-inspiran","status":"publish","type":"page","link":"https:\/\/www.serendipiabaleares.com\/index.php\/campanas-que-inspiran\/","title":{"rendered":"Campa\u00f1as que inspiran"},"content":{"rendered":"\n<style>\n    \/* Estilo para im\u00e1genes circulares *\/\n    .team-member {\n        width: 150px;\n        height: 150px;\n        border-radius: 50%;\n        object-fit: cover;\n        transition: transform 0.3s ease;\n    }\n\n    .team-member:hover {\n        transform: scale(1.1);\n    }\n\n    .section-header {\n        text-align: center;\n        margin-bottom: 30px;\n    }\n\n    .section-header1 {\n        text-align: left;\n        margin-bottom: 30px;\n    }\n\n    .img-full-width {\n        width: 100%;\n        height: auto;\n    }\n\n    .text-justify {\n        text-align: left;\n    }\n\n    .highlight-box {\n        background-color: #f8f9fa;\n        border-left: 5px solid #007bff;\n        padding: 20px;\n        margin-top: 40px;\n    }\n\n    .contact-button {\n        text-align: center;\n        margin-top: 40px;\n    }\n\n    .contact-button a {\n        background-color: #27AAE3;\n        color: black;\n        padding: 15px 30px;\n        font-size: 18px;\n        border-radius: 5px;\n        text-decoration: none;\n        transition: background-color 0.3s ease;\n    }\n\n    .contact-button a:hover {\n        background-color: #0056b3;\n    }\n<\/style>\n\n<section id=\"campanas-que-inspiran\" class=\"py-5 bg-light\">\n    <div class=\"container\">\n        <!-- T\u00edtulo y descripci\u00f3n -->\n        <div class=\"section-header\">\n            <h2>Campa\u00f1as que Inspiran<\/h2>\n            <p class=\"section-header1\">\n                En Serendipia, creemos en el poder de las campa\u00f1as para inspirar, movilizar y conectar a las personas. Nuestra misi\u00f3n es llevar a cabo iniciativas de marketing, publicidad y difusi\u00f3n que promuevan nuestra visi\u00f3n y den a conocer nuestra organizaci\u00f3n.\n            <\/p>\n        <\/div>\n\n        <!-- Imagen representativa (primer folleto o p\u00f3ster) -->\n        <div class=\"row justify-content-center mb-5\">\n            <div class=\"col-12\">\n                <img decoding=\"async\" src=\"\/wp-content\/uploads\/2024\/12\/banner1-marqueting1.png\" alt=\"Primer folleto de Serendipia para difusi\u00f3n en hospitales\" class=\"img-fluid img-full-width rounded-image\" \/>\n            <\/div>\n        <\/div>\n\n        <!-- Apartado resaltado - Campa\u00f1as de difusi\u00f3n -->\n        <div class=\"highlight-box\">\n            <h2><strong>Campa\u00f1as que Conectan<\/strong><\/h2>\n            <p class=\"\">\n                Nuestro primer paso hacia esta meta fue la creaci\u00f3n de un folleto de presentaci\u00f3n, dise\u00f1ado especialmente para nuestras primeras visitas a hospitales. Este material se convirti\u00f3 en un s\u00edmbolo de nuestra intenci\u00f3n de conectar con nuestra comunidad y establecer una relaci\u00f3n cercana desde el primer contacto.\n            <\/p>\n            <p class=\"text-justify\">\n                Desde ese momento, cada una de nuestras campa\u00f1as se ha basado en valores como la transparencia, la cercan\u00eda y la creatividad. Nuestro objetivo no es solo comunicar qui\u00e9nes somos, sino tambi\u00e9n inspirar a otros a unirse a nuestra causa y construir juntos un futuro lleno de posibilidades.\n            <\/p>\n            <p class=\"text-justify\">\n                A lo largo del tiempo, desarrollaremos nuevas campa\u00f1as que reflejen el esp\u00edritu de Serendipia y amplifiquen nuestra voz en distintos entornos, desde el \u00e1mbito local hasta el digital.\n            <\/p>\n        <\/div>\n\n        <!-- Texto destacado sobre futuras campa\u00f1as -->\n        <section class=\"shadowed-background my-5\">\n            <div class=\"row align-items-center mx-0\">\n                <!-- Imagen secundaria -->\n                <div class=\"col-md-6 px-4\">\n                    <img decoding=\"async\" \n                        src=\"\/wp-content\/uploads\/2024\/12\/folleto.png\" \n                        alt=\"P\u00f3ster dise\u00f1ado para difusi\u00f3n en hospitales\"\n                        class=\"img-fluid rounded-image\" \/>\n                <\/div>\n\n                <!-- Texto explicativo -->\n                <div class=\"col-md-6 px-4\">\n                    <h3>Un Futuro Lleno de Inspiraci\u00f3n<\/h3>\n                    <p>\n                        Cada folleto, p\u00f3ster y campa\u00f1a publicitaria que llevamos a cabo est\u00e1 dise\u00f1ado con un prop\u00f3sito claro: inspirar a las personas a formar parte de nuestra misi\u00f3n. Con el tiempo, planeamos extender nuestra presencia a nuevas plataformas y comunidades, asegur\u00e1ndonos de que Serendipia llegue a todos los rincones donde pueda hacer la diferencia.\n                    <\/p>\n                    <p>\n                        Nuestra visi\u00f3n incluye no solo campa\u00f1as tradicionales, sino tambi\u00e9n iniciativas innovadoras en redes sociales, eventos presenciales y colaboraciones con otras organizaciones para maximizar nuestro impacto.\n                    <\/p>\n                <\/div>\n            <\/div>\n        <\/section>\n\n        <!-- Secci\u00f3n de contacto -->\n        <div class=\"contact-button\">\n            <h3>\u00bfQuieres ser parte de esta inspiraci\u00f3n?<\/h3>\n            <p>Si est\u00e1s interesado en colaborar o necesitas m\u00e1s informaci\u00f3n, no dudes en ponerte en contacto con nosotros.<\/p>\n            <a href=\"\/index.php\/contacta-serendipia\/\" class=\"btn btn-primary\">Contacta con Nosotros<\/a>\n        <\/div>\n    <\/div>\n<\/section>\n","protected":false},"excerpt":{"rendered":"<p>Campa\u00f1as que Inspiran En Serendipia, creemos en el poder de las campa\u00f1as para inspirar, movilizar y conectar a las personas. Nuestra misi\u00f3n es llevar a cabo iniciativas de marketing, publicidad y difusi\u00f3n que promuevan nuestra visi\u00f3n y den a conocer nuestra organizaci\u00f3n. Campa\u00f1as que Conectan Nuestro primer paso hacia esta meta fue la creaci\u00f3n de [&hellip;]<\/p>\n","protected":false},"author":1,"featured_media":0,"parent":0,"menu_order":0,"comment_status":"closed","ping_status":"closed","template":"","meta":{"footnotes":""},"class_list":["post-3244","page","type-page","status-publish","hentry","clearfix"],"_links":{"self":[{"href":"https:\/\/www.serendipiabaleares.com\/index.php\/wp-json\/wp\/v2\/pages\/3244","targetHints":{"allow":["GET"]}}],"collection":[{"href":"https:\/\/www.serendipiabaleares.com\/index.php\/wp-json\/wp\/v2\/pages"}],"about":[{"href":"https:\/\/www.serendipiabaleares.com\/index.php\/wp-json\/wp\/v2\/types\/page"}],"author":[{"embeddable":true,"href":"https:\/\/www.serendipiabaleares.com\/index.php\/wp-json\/wp\/v2\/users\/1"}],"replies":[{"embeddable":true,"href":"https:\/\/www.serendipiabaleares.com\/index.php\/wp-json\/wp\/v2\/comments?post=3244"}],"version-history":[{"count":8,"href":"https:\/\/www.serendipiabaleares.com\/index.php\/wp-json\/wp\/v2\/pages\/3244\/revisions"}],"predecessor-version":[{"id":3413,"href":"https:\/\/www.serendipiabaleares.com\/index.php\/wp-json\/wp\/v2\/pages\/3244\/revisions\/3413"}],"wp:attachment":[{"href":"https:\/\/www.serendipiabaleares.com\/index.php\/wp-json\/wp\/v2\/media?parent=3244"}],"curies":[{"name":"wp","href":"https:\/\/api.w.org\/{rel}","templated":true}]}}