{"id":3305,"date":"2024-12-21T21:59:03","date_gmt":"2024-12-21T20:59:03","guid":{"rendered":"https:\/\/www.serendipiabaleares.com\/?page_id=3305"},"modified":"2024-12-23T21:02:51","modified_gmt":"2024-12-23T20:02:51","slug":"carta-de-nuestra-presidenta","status":"publish","type":"page","link":"https:\/\/www.serendipiabaleares.com\/index.php\/carta-de-nuestra-presidenta\/","title":{"rendered":"Carta de nuestra Presidenta"},"content":{"rendered":"\n<style>\n    \/* Estilos generales *\/\n    .banner {\n      background: url('https:\/\/www.serendipiabaleares.com\/wp-content\/uploads\/2024\/12\/contactaconnos.png') no-repeat center center;\n      background-size: cover;\n      height: 400px;\n      display: flex;\n      align-items: center;\n      justify-content: center;\n      color: white;\n      text-shadow: 0 2px 4px rgba(0, 0, 0, 0.8);\n      border-radius: 20px; \/* Bordes redondeados *\/\n    }\n\n    .form-section {\n      background: #f8f9fa;\n      padding: 50px 0;\n      display: flex;\n      flex-direction: column;\n      align-items: center;\n      min-height: 100vh;\n      width: 100%;\n    }\n\n    .form-container,\n    .contact-info,\n    .letter-container {\n      border-radius: 8px;\n      padding: 20px;\n      background: white;\n      box-shadow: 0 4px 8px rgba(0, 0, 0, 0.1);\n      width: 100%;\n      max-width: 100%;\n    }\n\n    .contact-info {\n      margin-bottom: 30px;\n    }\n\n    .logo-container img {\n      max-width: 350px;\n      margin: 20px auto;\n      display: block;\n    }\n\n    .mission-list {\n      list-style: none;\n      padding-left: 0;\n      margin-top: 20px;\n    }\n\n    .mission-list li {\n      display: flex;\n      align-items: start;\n      margin-bottom: 15px;\n    }\n\n    .mission-list li i {\n      font-size: 1.5rem;\n      color: #0d6efd;\n      margin-right: 10px;\n    }\n\n    .mission-list li span {\n      font-size: 1rem;\n      color: #212529;\n    }\n\n    \/* Estilo para la carta de la presidenta *\/\n    .letter-container {\n      max-width: 800px;\n      margin-top: 30px;\n      font-family: 'Arial', sans-serif;\n      line-height: 1.6;\n    }\n\n    .president-photo {\n      max-width: 150px;\n      border-radius: 50%;\n      display: block;\n      margin: 0 auto 20px;\n    }\n\n    .letter-container h3 {\n      text-align: center;\n      color: #777777;\n    }\n\n    .letter-container p {\n      color: #212529;\n    }\n\n    @media (max-width: 768px) {\n      .form-section {\n        padding: 20px;\n      }\n\n      .row {\n        flex-direction: column;\n        gap: 30px;\n      }\n\n      .contact-info,\n      .form-container {\n        width: 100%;\n      }\n    }\n  <\/style>\n\n  <!-- Banner -->\n\n\n  <div class=\"form-section\">\n    <div class=\"container\">\n      <div class=\"row\">\n        <!-- Carta de la Presidenta -->\n        <section class=\"col-lg-12 letter-container\" role=\"article\" aria-labelledby=\"letter-title\">\n          <h2 id=\"letter-title\" class=\"text-primary fw-bold mb-4 text-center\">Carta de la Presidenta<\/h2>\n\n          <!-- Foto de la Presidenta -->\n          <img decoding=\"async\" src=\"\/wp-content\/uploads\/2024\/12\/joana.png\" alt=\"Foto de la Presidenta Joana Canals\" class=\"president-photo\">\n\n          <!-- Carta Formal -->\n          <p class=\"text-muted\">\n            Estimados socios y colaboradores,\n          <\/p>\n          <p>\n            Es un honor para m\u00ed dirigirme a ustedes en nombre de la Asociaci\u00f3n Balear de Enfermedades Glomerulares Serendipia.\n            En estos tiempos de constante avance en el \u00e1mbito de la salud, nuestra misi\u00f3n sigue siendo ofrecer apoyo y esperanza\n            a los pacientes diagnosticados con enfermedades glomerulares, mejorar su calidad de vida y trabajar incansablemente\n            en la investigaci\u00f3n de nuevos tratamientos.\n          <\/p>\n          <p>\n            A trav\u00e9s de nuestra asociaci\u00f3n, nos comprometemos a brindar acompa\u00f1amiento a los pacientes, as\u00ed como a sensibilizar\n            a la sociedad sobre la importancia de conocer estas enfermedades. Tambi\u00e9n continuamos con nuestros esfuerzos en\n            investigaci\u00f3n, con el objetivo de hallar soluciones innovadoras que puedan mejorar la vida de quienes se enfrentan\n            a estas condiciones.\n          <\/p>\n          <p>\n            Nuestro equipo est\u00e1 formado por profesionales comprometidos, pacientes y sus familias, todos unidos por una causa\n            com\u00fan: mejorar el tratamiento y la atenci\u00f3n de las enfermedades glomerulares. Agradezco profundamente el apoyo\n            de cada uno de ustedes, ya que sin su participaci\u00f3n activa no podr\u00edamos llevar a cabo nuestras labores.\n          <\/p>\n          <p>\n            Les invito a seguir apoyando nuestras iniciativas y a mantener la esperanza, porque juntos podemos hacer una\n            diferencia.\n          <\/p>\n          <p>\n            Reciban un cordial saludo,\n          <\/p>\n          <p>\n            <strong>Joana Canals<\/strong><br>\n            Presidenta de la Asociaci\u00f3n Balear de Enfermedades Glomerulares Serendipia\n          <\/p>\n        <\/section>\n      <\/div>\n    <\/div>\n  <\/div>\n","protected":false},"excerpt":{"rendered":"<p>Carta de la Presidenta Estimados socios y colaboradores, Es un honor para m\u00ed dirigirme a ustedes en nombre de la Asociaci\u00f3n Balear de Enfermedades Glomerulares Serendipia. En estos tiempos de constante avance en el \u00e1mbito de la salud, nuestra misi\u00f3n sigue siendo ofrecer apoyo y esperanza a los pacientes diagnosticados con enfermedades glomerulares, mejorar su [&hellip;]<\/p>\n","protected":false},"author":1,"featured_media":0,"parent":0,"menu_order":0,"comment_status":"closed","ping_status":"closed","template":"","meta":{"footnotes":""},"class_list":["post-3305","page","type-page","status-publish","hentry","clearfix"],"_links":{"self":[{"href":"https:\/\/www.serendipiabaleares.com\/index.php\/wp-json\/wp\/v2\/pages\/3305","targetHints":{"allow":["GET"]}}],"collection":[{"href":"https:\/\/www.serendipiabaleares.com\/index.php\/wp-json\/wp\/v2\/pages"}],"about":[{"href":"https:\/\/www.serendipiabaleares.com\/index.php\/wp-json\/wp\/v2\/types\/page"}],"author":[{"embeddable":true,"href":"https:\/\/www.serendipiabaleares.com\/index.php\/wp-json\/wp\/v2\/users\/1"}],"replies":[{"embeddable":true,"href":"https:\/\/www.serendipiabaleares.com\/index.php\/wp-json\/wp\/v2\/comments?post=3305"}],"version-history":[{"count":8,"href":"https:\/\/www.serendipiabaleares.com\/index.php\/wp-json\/wp\/v2\/pages\/3305\/revisions"}],"predecessor-version":[{"id":3391,"href":"https:\/\/www.serendipiabaleares.com\/index.php\/wp-json\/wp\/v2\/pages\/3305\/revisions\/3391"}],"wp:attachment":[{"href":"https:\/\/www.serendipiabaleares.com\/index.php\/wp-json\/wp\/v2\/media?parent=3305"}],"curies":[{"name":"wp","href":"https:\/\/api.w.org\/{rel}","templated":true}]}}