{"id":3315,"date":"2024-12-21T22:10:27","date_gmt":"2024-12-21T21:10:27","guid":{"rendered":"https:\/\/www.serendipiabaleares.com\/?page_id=3315"},"modified":"2024-12-24T18:56:29","modified_gmt":"2024-12-24T17:56:29","slug":"accesibilidad","status":"publish","type":"page","link":"https:\/\/www.serendipiabaleares.com\/index.php\/accesibilidad\/","title":{"rendered":"Accesibilidad"},"content":{"rendered":"\n<style>\n    \/* Estilos generales *\/\n    .banner {\n      background: url('https:\/\/www.serendipiabaleares.com\/wp-content\/uploads\/2024\/12\/contactaconnos.png') no-repeat center center;\n      background-size: cover;\n      height: 400px;\n      display: flex;\n      align-items: center;\n      justify-content: center;\n      color: white;\n      text-shadow: 0 2px 4px rgba(0, 0, 0, 0.8);\n      border-radius: 20px; \/* Bordes redondeados *\/\n    }\n\n    .form-section {\n      background: #f8f9fa;\n      padding: 50px 0;\n      display: flex;\n      flex-direction: column;\n      align-items: center;\n      min-height: 100vh;\n      width: 100%;\n    }\n\n    .form-container,\n    .contact-info,\n    .letter-container {\n      border-radius: 8px;\n      padding: 20px;\n      background: white;\n      box-shadow: 0 4px 8px rgba(0, 0, 0, 0.1);\n      width: 100%;\n      max-width: 100%;\n    }\n\n    .contact-info {\n      margin-bottom: 30px;\n    }\n\n    .logo-container img {\n      max-width: 350px;\n      margin: 20px auto;\n      display: block;\n    }\n\n    \/* Estilo para la declaraci\u00f3n de accesibilidad *\/\n    .letter-container {\n      max-width: 800px;\n      margin-top: 30px;\n      font-family: 'Arial', sans-serif;\n      line-height: 1.6;\n    }\n\n    .letter-container h3 {\n      text-align: center;\n      color: #333333;\n    }\n\n    .letter-container p {\n      color: #333333;\n    }\n\n    .accessibility-logo {\n      display: block;\n      margin: 20px auto;\n      max-width: 150px;\n    }\n\n    @media (max-width: 768px) {\n      .form-section {\n        padding: 20px;\n      }\n\n      .row {\n        flex-direction: column;\n        gap: 30px;\n      }\n\n      .contact-info,\n      .form-container {\n        width: 100%;\n      }\n    }\n  <\/style>\n<\/head>\n<body>\n  <!-- Banner -->\n\n\n  <div class=\"form-section\">\n    <div class=\"container\">\n      <div class=\"row\">\n        <!-- Declaraci\u00f3n de Accesibilidad -->\n        <section class=\"col-lg-12 letter-container\" role=\"article\" aria-labelledby=\"accessibility-title\">\n          <h2 id=\"accessibility-title\" class=\"text-primary fw-bold mb-4 text-center\">Declaraci\u00f3n de Accesibilidad de la Web de Serendipia<\/h2>\n\n          <!-- Logo de accesibilidad Doble AA -->\n          <img decoding=\"async\" src=\"\/wp-content\/uploads\/2024\/12\/wcag2.1AA-v.png\" alt=\"Logo de Accesibilidad WCAG 2.1 Doble AA\" class=\"accessibility-logo\">\n\n          <p class=\"text-muted\">\n            La Asociaci\u00f3n Balear de Enfermedades Glomerulares Serendipia se compromete a garantizar la accesibilidad de su sitio web, \n            en conformidad con la Ley 34\/2002, de 11 de julio, de servicios de la sociedad de la informaci\u00f3n y del comercio electr\u00f3nico,\n            y las directrices del est\u00e1ndar Web Content Accessibility Guidelines (WCAG) 2.1 en su nivel AA.\n          <\/p>\n\n          <p>\n            El objetivo de la accesibilidad web es garantizar que las personas con discapacidad puedan acceder al contenido digital de manera \n            eficiente y sin barreras. Nuestra web ha sido dise\u00f1ada con la intenci\u00f3n de proporcionar una experiencia inclusiva para todos los usuarios, \n            independientemente de sus capacidades. En este sentido, hemos tomado medidas para cumplir con las pautas de accesibilidad aplicables, \n            y trabajamos constantemente para mejorar la experiencia de navegaci\u00f3n para todos los visitantes.\n          <\/p>\n          \n          <h3 class=\"mt-4 text-primary\">Medidas adoptadas para garantizar la accesibilidad:<\/h3>\n          <ul>\n            <li>Contrastar colores y tama\u00f1os para mejorar la legibilidad.<\/li>\n            <li>Uso de etiquetas adecuadas para los formularios y campos de entrada.<\/li>\n            <li>Descripciones alternativas (atributos alt) para las im\u00e1genes, asegurando que los lectores de pantalla puedan interpretar su contenido.<\/li>\n            <li>Acceso completo y sencillo a la navegaci\u00f3n a trav\u00e9s de teclado.<\/li>\n            <li>Compatibilidad con tecnolog\u00edas de asistencia, como los lectores de pantalla y los navegadores braille.<\/li>\n          <\/ul>\n\n          <h3 class=\"mt-4 text-primary\">Nivel de conformidad:<\/h3>\n          <p>\n            El sitio web de Serendipia cumple con los requisitos de accesibilidad en un nivel AA, seg\u00fan las pautas WCAG 2.1. Sin embargo, \n            entendemos que la accesibilidad web es un proceso continuo y estamos comprometidos en mejorar y actualizar nuestro sitio \n            para cumplir con los est\u00e1ndares m\u00e1s altos de accesibilidad.\n          <\/p>\n\n          <h3 class=\"mt-4 text-primary\">C\u00f3mo informar sobre problemas de accesibilidad:<\/h3>\n          <p>\n            Si encuentras alg\u00fan problema de accesibilidad en nuestro sitio web o si tienes sugerencias para mejorar la experiencia, \n            no dudes en ponerte en contacto con nosotros a trav\u00e9s de los siguientes medios:\n          <\/p>\n          <ul class=\"mission-list\">\n            <li><i class=\"fas fa-phone\" aria-hidden=\"true\"><\/i> +34 676493349<\/li>\n            <li><i class=\"fas fa-envelope\" aria-hidden=\"true\"><\/i> info@asociacionserendipia.org<\/li>\n            <li><i class=\"fas fa-map-marker-alt\" aria-hidden=\"true\"><\/i> Hospital Son Espases. Servicio de Nefrolog\u00eda<\/li>\n          <\/ul>\n\n          <p>\n            Agradecemos tu inter\u00e9s por mejorar la accesibilidad de nuestra web y trabajaremos para asegurar que sea accesible para todos.\n          <\/p>\n\n          <p>\n            Recibe un cordial saludo,\n          <\/p>\n          <p>\n            <strong>Joana Canals<\/strong><br>\n            Presidenta de la Asociaci\u00f3n Balear de Enfermedades Glomerulares Serendipia\n          <\/p>\n\n          <h4 class=\"mt-4 text-primary\">Fecha de la declaraci\u00f3n:<\/h4>\n          <p>29 de diciembre de 2024<\/p>\n\n          <h4 class=\"mt-4 text-primary\">\u00daltima revisi\u00f3n:<\/h4>\n          <p>29 de diciembre de 2024<\/p>\n        <\/section>\n      <\/div>\n    <\/div>\n  <\/div>\n","protected":false},"excerpt":{"rendered":"<p>Declaraci\u00f3n de Accesibilidad de la Web de Serendipia La Asociaci\u00f3n Balear de Enfermedades Glomerulares Serendipia se compromete a garantizar la accesibilidad de su sitio web, en conformidad con la Ley 34\/2002, de 11 de julio, de servicios de la sociedad de la informaci\u00f3n y del comercio electr\u00f3nico, y las directrices del est\u00e1ndar Web Content Accessibility [&hellip;]<\/p>\n","protected":false},"author":1,"featured_media":0,"parent":0,"menu_order":0,"comment_status":"closed","ping_status":"closed","template":"","meta":{"footnotes":""},"class_list":["post-3315","page","type-page","status-publish","hentry","clearfix"],"_links":{"self":[{"href":"https:\/\/www.serendipiabaleares.com\/index.php\/wp-json\/wp\/v2\/pages\/3315","targetHints":{"allow":["GET"]}}],"collection":[{"href":"https:\/\/www.serendipiabaleares.com\/index.php\/wp-json\/wp\/v2\/pages"}],"about":[{"href":"https:\/\/www.serendipiabaleares.com\/index.php\/wp-json\/wp\/v2\/types\/page"}],"author":[{"embeddable":true,"href":"https:\/\/www.serendipiabaleares.com\/index.php\/wp-json\/wp\/v2\/users\/1"}],"replies":[{"embeddable":true,"href":"https:\/\/www.serendipiabaleares.com\/index.php\/wp-json\/wp\/v2\/comments?post=3315"}],"version-history":[{"count":10,"href":"https:\/\/www.serendipiabaleares.com\/index.php\/wp-json\/wp\/v2\/pages\/3315\/revisions"}],"predecessor-version":[{"id":3425,"href":"https:\/\/www.serendipiabaleares.com\/index.php\/wp-json\/wp\/v2\/pages\/3315\/revisions\/3425"}],"wp:attachment":[{"href":"https:\/\/www.serendipiabaleares.com\/index.php\/wp-json\/wp\/v2\/media?parent=3315"}],"curies":[{"name":"wp","href":"https:\/\/api.w.org\/{rel}","templated":true}]}}