{"id":3328,"date":"2024-12-22T11:14:01","date_gmt":"2024-12-22T10:14:01","guid":{"rendered":"https:\/\/www.serendipiabaleares.com\/?page_id=3328"},"modified":"2024-12-23T22:00:54","modified_gmt":"2024-12-23T21:00:54","slug":"timeline","status":"publish","type":"page","link":"https:\/\/www.serendipiabaleares.com\/index.php\/timeline\/","title":{"rendered":"Timeline"},"content":{"rendered":"\n<style>\n    .pt-100{\n        padding-top:10px;\n    }\n    .pb-100{\n        padding-bottom:10px;\n    }\n    .section-title {\n      margin-bottom: 60px;\n    }\n    .section-title p {\n        color: #333;\n        font-size: 16px;\n    }\n    .section-title h4 {\n        text-transform: capitalize;\n        font-size: 40px;\n        position: relative;\n        padding-bottom: 20px;\n        margin-bottom: 20px;\n        font-weight: 600;\n    }\n    .section-title h4:before {\n        position: absolute;\n        content: \"\";\n        width: 60px;\n        height: 2px;\n        background-color: #27AAE3;\n        bottom: 0;\n        left: 50%;\n        margin-left: -30px;\n    }\n    .section-title h4:after {\n        position: absolute;\n        background-color: #27AAE3;\n        content: \"\";\n        width: 10px;\n        height: 10px;\n        bottom: -4px;\n        left: 50%;\n        margin-left: -5px;\n        border-radius: 50%;\n    }\n    ul.timeline-list {\n        position: relative;\n        margin: 0;\n        padding: 0\n    }\n    ul.timeline-list:before {\n        position: absolute;\n        content: \"\";\n        width: 2px;\n        height: 100%;\n        background-color: #27AAE3;\n        left: 50%;\n        top: 0;\n        -webkit-transform: translateX(-50%);\n                transform: translateX(-50%);\n    }\n    ul.timeline-list li {\n        position: relative;\n        clear: both;\n        display: table;\n    }\n    .timeline_content {\n        border: 2px solid #27AAE3;\n        background-color:#fff\n    }\n    ul.timeline-list li .timeline_content {\n        width: 45%;\n        color: #333;\n        padding: 30px;\n        float: left;\n        text-align: right;\n    }\n    ul.timeline-list li:nth-child(2n) .timeline_content {\n        float: right;\n        text-align: left;\n    }\n    .timeline_content h2 {\n        font-size: 22px;\n        font-weight: 600;\n        margin: 10px 0;\n    }\n    ul.timeline-list li:before {\n        position: absolute;\n        content: \"\";\n        width: 25px;\n        height: 25px;\n        background-color: #27AAE3;\n        left: 50%;\n        top: 50%;\n        -webkit-transform: translate(-50%, -50%);\n                transform: translate(-50%, -50%);\n        border-radius: 50%;\n    }\n    .timeline_content span {\n        font-size: 18px;\n        font-weight: 500;\n    font-weight: bold;\n    \n        color: #333333;\n    }\n    <\/style>\n    \n      <section class=\"experience pt-100 pb-100\" id=\"experience\">\n        <div class=\"container\">\n            <div class=\"row\">\n                <div class=\"col-xl-8 mx-auto text-center\">\n                    <div class=\"section-title\">\n                        <h2>SERENDIPIA TIMELINE<\/h2>\n                        <p>Recorre con nosotros todos nuestros pasos<\/p>\n                    <\/div>\n                <\/div>\n            <\/div>\n            <div class=\"row\">\n               <div class=\"col-xl-12\">\n                  <ul class=\"timeline-list\">\n\n                <!-- Single Experience -->\n                <li>\n                    <div class=\"timeline_content\">\n                       <span>17\/12\/2024<\/span>\n                       <h2>ENCUENTRO PRENAVIDE\u00d1O<\/h2>\n                       <p>Fu\u00e9 una tarde de reencuentro y celebraci\u00f3n en la que compartimos una deliciosa merienda y, como gesto de gratitud, ofrecimos a nuestros socios una sorpresa especial: un arbolito peque\u00f1o para que lo plantaran y de esta manera que creciera con nosotros, con el n\u00famero de socio en una etiqueta personalizada.\n                    <\/p>\n                    <\/div>\n                 <\/li>                    \n\n               <!-- Single Experience -->\n               <li>\n                <div class=\"timeline_content\">\n                   <span>05\/11\/2024<\/span>\n                   <h2>HOSPITAL SON ESPASES<\/h2>\n                   <p>Reuni\u00f3n en nefropat\u00eda pedi\u00e1trica en Son Espases. Nos ha atendido el Dr. Javier Lumbreras con parte de su equipo. Han demostrado gran inter\u00e9s por la Asociaci\u00f3n y piensan que los padres pueden sentirse muy acompa\u00f1ados en la fase de aceptaci\u00f3n del diagn\u00f3stico de sus peque\u00f1os. \u00a1Estamos aqu\u00ed para ayudar\n                <\/p>\n                <\/div>\n             <\/li>                     \n\n              <!-- Single Experience -->\n              <li>\n                <div class=\"timeline_content\">\n                   <span>04\/11\/2024<\/span>\n                   <h2>PACIENT ACTIU<\/h2>\n                   <p>Hemos comenzado las entrevistas para formar parte del programa de PACIENTACTIU. De momento se han animado: Raquel Fern\u00e1ndez, Luc\u00eda Cabrer y Joana Canals. Estamos seguras de aportar mucho al programa. \u00a1Os animamos a participar! Escribidnos si est\u00e1is interesados: info@asociacionserendipia.org.\n                <\/p>\n                <\/div>\n             <\/li>  \n\n\n              <!-- Single Experience -->\n              <li>\n                <div class=\"timeline_content\">\n                   <span>16\/10\/2024<\/span>\n                   <h2>HOSPITAL SON ESPASES<\/h2>\n                   <p>Primera reuni\u00f3n de socios en la cafeter\u00eda de Son Espases. Ha sido un encuentro cargado de emoci\u00f3n, nos hemos conocido y estrechado v\u00ednculos. Gracias a Luc\u00eda Cabrer y su madre, a Roc\u00edo Sousa, a Francisco Calvo, a Jos\u00e9 Miguel Gost, a Juan Andr\u00e9s Estrany (paciente de Inca) y su familia, y a todo el equipo de la Junta Directiva de Serendipia. \u00a1Sin todos vosotros nada de esto ser\u00eda posible!\n                <\/p>\n                <\/div>\n             <\/li>  \n              <!-- Single Experience -->\n              <li>\n                <div class=\"timeline_content\">\n                   <span>15\/10\/2024<\/span>\n                   <h2>INFORMATIVOS IB3<\/h2>\n                   <p>Joana Canals participa en los informativos de IB3tv. Durante la entrevista dio a conocer la existencia de las enfermedades glomerulares, la importancia de la investigaci\u00f3n y la existencia de nuestra Asociaci\u00f3n.\n\n\n                <\/p>\n                <\/div>\n             <\/li>  \n                      <!-- Single Experience -->\n                      <li>\n                        <div class=\"timeline_content\">\n                           <span>10\/10\/2024<\/span>\n                           <h2>FEDER<\/h2>\n                           <p>Conseguimos contactar con Juan Carri\u00f3n, presidente de FEDER (Federaci\u00f3n Espa\u00f1ola de Enfermedades Raras). Ha sido muy colaborativo, seguro que aprendemos mucho de ellos y ya estamos en marcha para asociar la Asociaci\u00f3n Balear Serendipia a FEDER.\n\n                        <\/p>\n                        <\/div>\n                     <\/li>   \n\n                      <!-- Single Experience -->\n                      <li>\n                        <div class=\"timeline_content\">\n                           <span>02\/10\/2024<\/span>\n                           <h2>IB3<\/h2>\n                           <p>Nuestra presidenta, Joana Canals, se re\u00fane en IB3 para firmar el contrato de la campa\u00f1a: Tots donam una m\u00e0!!! Una excelente iniciativa de IB3tv. Tenemos la ocasi\u00f3n de conocer personalmente a Jos\u00e9 Miguel, uno de nuestros socios, que trabaja en IB3. Ha sido un placer compartir con \u00e9l un rato de conversaci\u00f3n\n                        <\/p>\n                        <\/div>\n                     <\/li>                      \n\n                     <!-- Single Experience -->\n                     <li>\n                        <div class=\"timeline_content\">\n                           <span>01\/10\/2024<\/span>\n                           <h2>HOSPITAL DE MANACOR<\/h2>\n                           <p>Reuni\u00f3n en el Hospital de Manacor para presentar la Asociaci\u00f3n, nuestra raz\u00f3n de ser y objetivos. Nos atendi\u00f3 el Dr. David Tura, jefe del servicio de nefrolog\u00eda, y el Dr. Alejandro Rosales. Estuvimos debatiendo sobre las enfermedades glomerulares, n\u00famero y tipolog\u00eda de pacientes que se atienden en el Hospital de Manacor y c\u00f3mo podr\u00edamos colaborar. Fue una reuni\u00f3n muy productiva: \u00a1gracias Hospital de Manacor!\n                        <\/p>\n                        <\/div>\n                     <\/li>   \n                     \n                     \n                     \n                      <!-- Single Experience -->\n                      <li>\n                        <div class=\"timeline_content\">\n                           <span>25\/07\/2024<\/span>\n                           <h2>GABRIEL ROJO<\/h2>\n                           <p>Nos hemos reunido con Gabriel Rojo, director de humanizaci\u00f3n de Ibsalut. Gabriel Rojo es adem\u00e1s fundador y presidente de la asociaci\u00f3n &#8220;Yes with Cancer&#8221; un proyecto que tiene el objetivo de ayudar y apoyar a los enfermos de C\u00e1ncer.<\/p>\n                        <\/div>\n                     <\/li> \n                       <!-- Single Experience -->\n                       <li>\n                        <div class=\"timeline_content\">\n                           <span>26\/06\/2024<\/span>\n                           <h2>LABORATORIO ALEXION<\/h2>\n                           <p>Contacta con nosotros el laboratorio Alexion, una empresa biofarmac\u00e9utica mundial especializada en el desarrollo y la comercializaci\u00f3n de tratamientos innovadores para pacientes\n                            con enfermedadas raras graves y potencialmente mortales para encontrar vias de cooperaci\u00f3n con Serendipia.<\/p>\n                        <\/div>\n                     <\/li>        \n                       <!-- Single Experience -->\n                       <li>\n                        <div class=\"timeline_content\">\n                           <span>13\/05\/2024<\/span>\n                           <h2>ILIANA CAPLLONCH<\/h2>\n                           <p>Nos reunimos con Iliana Capllonch luchadora infatigable y Cofundadora de la Asociaci\u00f3n(Asociaci\u00f3n Balear de ni\u00f1os con Enfermedades Raras).Junto con\n                            su fam\u00edlia ha escrito el libro &#8220;Podemos tener Esperanza&#8221;, un libro imprescindible para cualquier fam\u00edlia con un ni\u00f1o enfermo. En esta reuni\u00f3n Iliana nos ha orientado\n                            muy bien y nos ha dado muy buenos consejos.\n                           <\/p>\n                        <\/div>\n                     <\/li>                                                    \n                     <!-- Single Experience -->\n                     <li>\n                        <div class=\"timeline_content\">\n                           <span>05\/03\/2024<\/span>\n                           <h2>CONSTITUCI\u00d3N SERENDIPIA<\/h2>\n                           <p>Constituci\u00f3n  y registro en el Registro de Asociaciones de la Comunidad Aut\u00f3noma de las Islas Baleares con el n\u00famero 311000011838.<br>Nuestra raz\u00f3n de ser es ayudar a aquellas personas que padecen una enfermedad autoinmune\n    glomerular, as\u00ed como a sus familiares y\/o allegados.<\/p>\n                        <\/div>\n                     <\/li>\n                     <!-- Single Experience -->\n                     \n                  <\/ul>\n               <\/div>\n            <\/div>\n        <\/div>\n      <\/section>\n","protected":false},"excerpt":{"rendered":"<p>SERENDIPIA TIMELINE Recorre con nosotros todos nuestros pasos 17\/12\/2024 ENCUENTRO PRENAVIDE\u00d1O Fu\u00e9 una tarde de reencuentro y celebraci\u00f3n en la que compartimos una deliciosa merienda y, como gesto de gratitud, ofrecimos a nuestros socios una sorpresa especial: un arbolito peque\u00f1o para que lo plantaran y de esta manera que creciera con nosotros, con el n\u00famero [&hellip;]<\/p>\n","protected":false},"author":1,"featured_media":0,"parent":0,"menu_order":0,"comment_status":"closed","ping_status":"closed","template":"","meta":{"footnotes":""},"class_list":["post-3328","page","type-page","status-publish","hentry","clearfix"],"_links":{"self":[{"href":"https:\/\/www.serendipiabaleares.com\/index.php\/wp-json\/wp\/v2\/pages\/3328","targetHints":{"allow":["GET"]}}],"collection":[{"href":"https:\/\/www.serendipiabaleares.com\/index.php\/wp-json\/wp\/v2\/pages"}],"about":[{"href":"https:\/\/www.serendipiabaleares.com\/index.php\/wp-json\/wp\/v2\/types\/page"}],"author":[{"embeddable":true,"href":"https:\/\/www.serendipiabaleares.com\/index.php\/wp-json\/wp\/v2\/users\/1"}],"replies":[{"embeddable":true,"href":"https:\/\/www.serendipiabaleares.com\/index.php\/wp-json\/wp\/v2\/comments?post=3328"}],"version-history":[{"count":26,"href":"https:\/\/www.serendipiabaleares.com\/index.php\/wp-json\/wp\/v2\/pages\/3328\/revisions"}],"predecessor-version":[{"id":3403,"href":"https:\/\/www.serendipiabaleares.com\/index.php\/wp-json\/wp\/v2\/pages\/3328\/revisions\/3403"}],"wp:attachment":[{"href":"https:\/\/www.serendipiabaleares.com\/index.php\/wp-json\/wp\/v2\/media?parent=3328"}],"curies":[{"name":"wp","href":"https:\/\/api.w.org\/{rel}","templated":true}]}}