{"id":3418,"date":"2024-12-24T18:49:52","date_gmt":"2024-12-24T17:49:52","guid":{"rendered":"https:\/\/www.serendipiabaleares.com\/?page_id=3418"},"modified":"2024-12-24T18:54:53","modified_gmt":"2024-12-24T17:54:53","slug":"politica-de-privacidad","status":"publish","type":"page","link":"https:\/\/www.serendipiabaleares.com\/index.php\/politica-de-privacidad\/","title":{"rendered":"Pol\u00edtica de Privacidad"},"content":{"rendered":"\n<style>\n    \/* Estilos generales *\/\n    .banner {\n      background: url('https:\/\/www.serendipiabaleares.com\/wp-content\/uploads\/2024\/12\/contactaconnos.png') no-repeat center center;\n      background-size: cover;\n      height: 400px;\n      display: flex;\n      align-items: center;\n      justify-content: center;\n      color: white;\n      text-shadow: 0 2px 4px rgba(0, 0, 0, 0.8);\n      border-radius: 20px; \/* Bordes redondeados *\/\n    }\n\n    .form-section {\n      background: #f8f9fa;\n      padding: 50px 0;\n      display: flex;\n      flex-direction: column;\n      align-items: center;\n      min-height: 100vh;\n      width: 100%;\n    }\n\n    .form-container,\n    .contact-info,\n    .letter-container {\n      border-radius: 8px;\n      padding: 20px;\n      background: white;\n      box-shadow: 0 4px 8px rgba(0, 0, 0, 0.1);\n      width: 100%;\n      max-width: 100%;\n    }\n\n    .contact-info {\n      margin-bottom: 30px;\n    }\n\n    .logo-container img {\n      max-width: 350px;\n      margin: 20px auto;\n      display: block;\n    }\n\n    \/* Estilo para la pol\u00edtica de privacidad y acceso legal *\/\n    .letter-container {\n      max-width: 800px;\n      margin-top: 30px;\n      font-family: 'Arial', sans-serif;\n      line-height: 1.6;\n    }\n\n    .letter-container h3 {\n      text-align: center;\n      color: #333333;\n    }\n\n    .letter-container p {\n      color: #333333;\n    }\n\n    .accessibility-logo {\n      display: block;\n      margin: 20px auto;\n      max-width: 150px;\n    }\n\n    @media (max-width: 768px) {\n      .form-section {\n        padding: 20px;\n      }\n\n      .row {\n        flex-direction: column;\n        gap: 30px;\n      }\n\n      .contact-info,\n      .form-container {\n        width: 100%;\n      }\n    }\n<\/style>\n<\/head>\n<body>\n  <!-- Banner -->\n\n\n  <div class=\"form-section\">\n    <div class=\"container\">\n      <div class=\"row\">\n        <!-- Pol\u00edtica de Privacidad y Acceso Legal -->\n        <section class=\"col-lg-12 letter-container\" role=\"article\" aria-labelledby=\"privacy-policy-title\">\n          <h2 id=\"privacy-policy-title\" class=\"text-primary fw-bold mb-4 text-center\">Pol\u00edtica de Privacidad y Acceso Legal de la Web de Serendipia<\/h2>\n\n          <!-- Logo de privacidad -->\n          <img decoding=\"async\" src=\"\/wp-content\/uploads\/2024\/12\/seren_logo_web.png\" alt=\"Logo de Privacidad de Serendipia\" class=\"accessibility-logo\">\n\n          <p class=\"text-muted\">\n            La Asociaci\u00f3n Balear de Enfermedades Glomerulares Serendipia se compromete a proteger la privacidad de los usuarios que visitan nuestra web \n            y a cumplir con la normativa vigente en materia de protecci\u00f3n de datos personales, en particular con el Reglamento (UE) 2016\/679 \n            del Parlamento Europeo y del Consejo, de 27 de abril de 2016, relativo a la protecci\u00f3n de las personas f\u00edsicas en lo que respecta \n            al tratamiento de datos personales y a la libre circulaci\u00f3n de estos datos.\n          <\/p>\n\n          <p>\n            Esta Pol\u00edtica de Privacidad explica c\u00f3mo recogemos, utilizamos y protegemos la informaci\u00f3n personal que se nos proporciona a trav\u00e9s \n            de nuestra web. Te invitamos a leerla detenidamente para comprender nuestras pr\u00e1cticas con respecto a tu informaci\u00f3n personal y c\u00f3mo \n            la tratamos.\n          <\/p>\n          \n          <h3 class=\"mt-4 text-primary\">Recogida de datos personales:<\/h3>\n          <p>\n            Recogemos datos personales de nuestros usuarios cuando estos interact\u00faan con nuestro sitio web, ya sea al completar formularios, \n            suscribirse a boletines o al ponerse en contacto con nosotros. Los datos personales que podemos recoger incluyen, entre otros, \n            nombre, direcci\u00f3n de correo electr\u00f3nico, n\u00famero de tel\u00e9fono y otros datos necesarios para proporcionarte nuestros servicios.\n          <\/p>\n\n          <h3 class=\"mt-4 text-primary\">Uso de los datos personales:<\/h3>\n          <p>\n            Utilizamos tus datos personales para los siguientes fines:\n          <\/p>\n          <ul>\n            <li>Responder a consultas y solicitudes realizadas a trav\u00e9s de nuestra web.<\/li>\n            <li>Gestionar el env\u00edo de informaci\u00f3n relevante y comunicaciones de inter\u00e9s.<\/li>\n            <li>Mejorar nuestra web y adaptar nuestros servicios a tus necesidades.<\/li>\n          <\/ul>\n\n          <h3 class=\"mt-4 text-primary\">Protecci\u00f3n de la informaci\u00f3n:<\/h3>\n          <p>\n            La Asociaci\u00f3n Balear de Enfermedades Glomerulares Serendipia toma medidas razonables para proteger la informaci\u00f3n personal de sus \n            usuarios contra p\u00e9rdida, uso indebido, acceso no autorizado, divulgaci\u00f3n, alteraci\u00f3n y destrucci\u00f3n. Sin embargo, ning\u00fan sistema de \n            transmisi\u00f3n de datos o almacenamiento de informaci\u00f3n es completamente seguro, por lo que no podemos garantizar la seguridad absoluta \n            de la informaci\u00f3n transmitida a trav\u00e9s de nuestra web.\n          <\/p>\n\n          <h3 class=\"mt-4 text-primary\">Derechos de los usuarios:<\/h3>\n          <p>\n            De acuerdo con la legislaci\u00f3n aplicable, los usuarios tienen derecho a acceder, rectificar, suprimir, limitar, oponerse al tratamiento \n            y a la portabilidad de sus datos personales. Si deseas ejercer alguno de estos derechos, por favor, ponte en contacto con nosotros a \n            trav\u00e9s de los siguientes medios.\n          <\/p>\n\n          <h3 class=\"mt-4 text-primary\">C\u00f3mo contactar con nosotros:<\/h3>\n          <ul class=\"mission-list\">\n            <li><i class=\"fas fa-phone\" aria-hidden=\"true\"><\/i> +34 676493349<\/li>\n            <li><i class=\"fas fa-envelope\" aria-hidden=\"true\"><\/i> info@asociacionserendipia.org<\/li>\n            <li><i class=\"fas fa-map-marker-alt\" aria-hidden=\"true\"><\/i> Hospital Son Espases. Servicio de Nefrolog\u00eda<\/li>\n          <\/ul>\n\n          <p>\n            Agradecemos tu inter\u00e9s por proteger la privacidad de tus datos y nos comprometemos a cumplir con todas las regulaciones aplicables.\n          <\/p>\n\n          <p>\n            Recibe un cordial saludo,\n          <\/p>\n          <p>\n            <strong>Joana Canals<\/strong><br>\n            Presidenta de la Asociaci\u00f3n Balear de Enfermedades Glomerulares Serendipia\n          <\/p>\n\n          <h4 class=\"mt-4 text-primary\">Fecha de la declaraci\u00f3n:<\/h4>\n          <p>29 de diciembre de 2024<\/p>\n\n          <h4 class=\"mt-4 text-primary\">\u00daltima revisi\u00f3n:<\/h4>\n          <p>29 de diciembre de 2024<\/p>\n        <\/section>\n      <\/div>\n    <\/div>\n  <\/div>\n","protected":false},"excerpt":{"rendered":"<p>Pol\u00edtica de Privacidad y Acceso Legal de la Web de Serendipia La Asociaci\u00f3n Balear de Enfermedades Glomerulares Serendipia se compromete a proteger la privacidad de los usuarios que visitan nuestra web y a cumplir con la normativa vigente en materia de protecci\u00f3n de datos personales, en particular con el Reglamento (UE) 2016\/679 del Parlamento Europeo [&hellip;]<\/p>\n","protected":false},"author":1,"featured_media":0,"parent":0,"menu_order":0,"comment_status":"closed","ping_status":"closed","template":"","meta":{"footnotes":""},"class_list":["post-3418","page","type-page","status-publish","hentry","clearfix"],"_links":{"self":[{"href":"https:\/\/www.serendipiabaleares.com\/index.php\/wp-json\/wp\/v2\/pages\/3418","targetHints":{"allow":["GET"]}}],"collection":[{"href":"https:\/\/www.serendipiabaleares.com\/index.php\/wp-json\/wp\/v2\/pages"}],"about":[{"href":"https:\/\/www.serendipiabaleares.com\/index.php\/wp-json\/wp\/v2\/types\/page"}],"author":[{"embeddable":true,"href":"https:\/\/www.serendipiabaleares.com\/index.php\/wp-json\/wp\/v2\/users\/1"}],"replies":[{"embeddable":true,"href":"https:\/\/www.serendipiabaleares.com\/index.php\/wp-json\/wp\/v2\/comments?post=3418"}],"version-history":[{"count":4,"href":"https:\/\/www.serendipiabaleares.com\/index.php\/wp-json\/wp\/v2\/pages\/3418\/revisions"}],"predecessor-version":[{"id":3424,"href":"https:\/\/www.serendipiabaleares.com\/index.php\/wp-json\/wp\/v2\/pages\/3418\/revisions\/3424"}],"wp:attachment":[{"href":"https:\/\/www.serendipiabaleares.com\/index.php\/wp-json\/wp\/v2\/media?parent=3418"}],"curies":[{"name":"wp","href":"https:\/\/api.w.org\/{rel}","templated":true}]}}