{"id":609,"date":"2015-10-04T23:57:25","date_gmt":"2015-10-04T23:57:25","guid":{"rendered":"http:\/\/demo.pixelemu.com\/pe-magnetic-watermark\/?page_id=609"},"modified":"2024-12-23T21:56:53","modified_gmt":"2024-12-23T20:56:53","slug":"nuestra-mision","status":"publish","type":"page","link":"https:\/\/www.serendipiabaleares.com\/index.php\/nuestra-mision\/","title":{"rendered":"Nuestra Misi\u00f3n"},"content":{"rendered":"\n<style>\n    .section-header {\n        text-align: center;\n        margin-bottom: 30px;\n    }\n\n\n  .rounded-image {\n    border-radius: 12px; \/* Ajusta este valor seg\u00fan el grado de redondeo deseado *\/\n  }\n\n\n    .highlight-box {\n        background-color: #f8f9fa;\n        border-left: 5px solid #007bff;\n        padding: 20px;\n        margin-top: 20px;\n        margin-bottom: 20px;\n    }\n\n    .text-highlight {\n        font-size: 1.2rem;\n        color: #007bff;\n    }\n\n    .stats-box {\n        background-color: #e9ecef;\n        padding: 20px;\n        border-radius: 5px;\n    }\n\n    .value-box {\n        text-align: center;\n        background-color: #f8f9fa;\n        border-radius: 10px;\n        padding: 15px;\n        margin: 10px;\n    }\n\n    .value-box h4 {\n        font-size: 1.5rem;\n        color: #007bff;\n    }\n\n    .value-box p {\n        font-size: 1rem;\n    }\n<\/style>\n\n<section id=\"nuestra-mision\" class=\"py-5 bg-light\">\n    <div class=\"container\">\n        <!-- \u00bfPor qu\u00e9 Serendipia? -->\n        <div class=\"section-header\">\n            <h2 class=\"text-primary\">\u00bfPor qu\u00e9 Serendipia?<\/h2>\n        <\/div>\n        <div class=\"highlight-box\">\n            <p class=\"\">\n                \u201cHallazgo afortunado e inesperado que se produce cuando est\u00e1s buscando otra cosa.\u201d Es el don de la sagacidad accidental, la sabidur\u00eda de convertir algo adverso en buena suerte.\n            <\/p>\n        <\/div>\n        <div class=\"row my-5\">\n            <div class=\"col-md-6\">\n                <p ><strong>La serendipia es un descubrimiento o un hallazgo inesperado<\/strong>:<\/p>\n                <ul>\n                    <li>Se produce cuando est\u00e1s buscando otra cosa.<\/li>\n                    <li>Encuentras la soluci\u00f3n para otro problema que s\u00ed se ten\u00eda.<\/li>\n                    <li>Conocer la evoluci\u00f3n de las patolog\u00edas glomerulares.<\/li>\n                    <li>No encontrarte solo y unirte para tener m\u00e1s fuerza.<\/li>\n                <\/ul>\n            <\/div>\n            <div class=\"col-md-6\">\n                <img decoding=\"async\" src=\"\/wp-content\/uploads\/2024\/12\/triptico.png\" alt=\"Imagen de tripticos de serendipia y otrasasociaciones\" class=\"img-fluid rounded-image shadow-sm\">\n            <\/div>\n        <\/div>\n\n        <!-- Algunos Datos -->\n        <div class=\"section-header\">\n           \n        <\/div>\n        <div class=\"row align-items-center\">\n \n            <div class=\"col-md-12 text-center stats-box\">\n                <h3><div class=\"pe-counter\"><div class=\"pe-count\"><span class=\"pe-number\" data-to=\"360\" data-from=\"0\">0<\/span><\/div><div class=\"pe-title\">pacientes con patolog\u00edas glomerulares en Son Espases (dato del 2024)<\/div><\/div><\/h3>\n               <div class=\"position-relative d-inline-block\">\n            <img decoding=\"async\" src=\"\/wp-content\/uploads\/2024\/12\/estadistica1.png\" alt=\"Gr\u00e1fica de pacientes con patolog\u00edas glomerulares en Son Espases en el 2024\" \n                 class=\"img-fluid rounded-image shadow-sm\">\n            <!-- Datos accesibles para lectores de pantalla -->\n            <div class=\"sr-only\">\n                <p>Gr\u00e1fica mostrando 360 pacientes con patolog\u00edas glomerulares en Son Espases en 2024.<\/p>\n                <p>El gr\u00e1fico destaca la proporci\u00f3n de pacientes en diferentes etapas de diagn\u00f3stico y tratamiento.<\/p>\n            <\/div>\n        <\/div>\n            <\/div>\n        <\/div>\n\n   <!-- Misi\u00f3n -->\n<div class=\"section-header mt-5 text-center\">\n   \n<\/div>\n<div class=\"row align-items-center mt-4\">\n    <!-- Imagen a la izquierda -->\n    <div class=\"col-md-4 text-center d-flex align-items-center justify-content-center\">\n        <img decoding=\"async\" src=\"\/wp-content\/uploads\/2024\/12\/corazon_pet2.png\" alt=\"Nuestra Misi\u00f3n\" class=\"img-fluid rounded-image shadow-sm\">\n    <\/div>\n    <!-- Texto a la derecha -->\n    <div class=\"col-md-8\">\n        <div class=\"highlight-box\">\n            <h3>Nuestra Misi\u00f3n<\/h3>\n            <ol>\n                <li>Dar visibilidad a estas enfermedades y fomentar la investigaci\u00f3n en nuevos tratamientos.<\/li>\n                <li>Acoger, acompa\u00f1ar y apoyar a los nuevos diagnosticados. Cuesta trabajo afrontar una enfermedad cr\u00f3nica.<\/li>\n                <li>Luchar por minimizar los casos de entrada a di\u00e1lisis.<\/li>\n            <\/ol>\n        <\/div>\n    <\/div>\n<\/div>\n\n <!-- Misi\u00f3n -->\n<div class=\"section-header mt-5 text-center\">\n   \n<\/div>\n<div class=\"row align-items-center mt-4\">\n    <!-- Imagen a la izquierda -->\n    <div class=\"col-md-4 text-center\">\n        <img decoding=\"async\" src=\"\/wp-content\/uploads\/2024\/12\/corazon_pet.png\" alt=\"Nuestra Visi\u00f3n\" class=\"img-fluid rounded-image shadow-sm\">\n    <\/div>\n    <!-- Texto a la derecha -->\n    <div class=\"col-md-8\">\n        <div class=\"highlight-box\">\n  <h3>Nuestra Visi\u00f3n<\/h3>\n            <ol>\n                <li>Queremos ser una asociaci\u00f3n de referencia, cohesionada y con participaci\u00f3n efectiva en las propuestas que afecten a las enfermedades glomerulares.<\/li>\n               \n            <\/ol>\n        <\/div>\n    <\/div>\n<\/div>\n\n       \n\n        <!-- Valores -->\n       <div class=\"section-header mt-5\">\n    <h3>Nuestros Valores<\/h3>\n<\/div>\n<div class=\"row\">\n<!-- Cada fila contiene exactamente dos columnas -->\n<div class=\"col-md-6\">\n<div class=\"value-box text-center p-4\">\n\n<div class=\"pe-anibox\"><figure class=\"effect-julia\" style=\"max-width: 480px; max-height: 360px;\"><img decoding=\"async\" src=\"\/wp-content\/uploads\/2024\/12\/compromiso3.png\" alt=\"Imagen de serendipia con el titulo compromiso\" \/><figcaption><h2  style=\"color: #000000;\">Compromiso<\/h2><p class=\"subtitle\"  style=\"color: #000000;\">Estamos comprometidos con nuestra misi\u00f3n y visi\u00f3n.<\/p><\/figcaption><\/figure><\/div>\n<\/div>\n<\/div>\n<div class=\"col-md-6\">\n<div class=\"value-box text-center p-4\">\n\n<div class=\"pe-anibox\"><figure class=\"effect-julia\" style=\"max-width: 480px; max-height: 360px;\"><img decoding=\"async\" src=\"\/wp-content\/uploads\/2024\/12\/honestidad2.png\" alt=\"Imagen de serendipia con el titulo honestidad\" \/><figcaption><h2  style=\"color: #000000;\">Honestidad<\/h2><p class=\"subtitle\"  style=\"color: #000000;\">Actuamos de manera transparente y honesta.<\/p><\/figcaption><\/figure><\/div>\n<\/div>\n<\/div>\n\n<div class=\"col-md-6\">\n<div class=\"value-box text-center p-4\">\n\n<div class=\"pe-anibox\"><figure class=\"effect-julia\" style=\"max-width: 480px; max-height: 360px;\"><img decoding=\"async\" src=\"\/wp-content\/uploads\/2024\/12\/optimismo2.png\" alt=\"Imagen de serendipia con el titulo optimismo\" \/><figcaption><h2  style=\"color: #000000;\">Optimismo<\/h2><p class=\"subtitle\"  style=\"color: #000000;\">Creemos en un futuro mejor para todos.<\/p><\/figcaption><\/figure><\/div>\n<\/div>\n<\/div>\n<div class=\"col-md-6\">\n<div class=\"value-box text-center p-4\">\n\n<div class=\"pe-anibox\"><figure class=\"effect-julia\" style=\"max-width: 480px; max-height: 360px;\"><img decoding=\"async\" src=\"\/wp-content\/uploads\/2024\/12\/union2.png\" alt=\"Imagen de serendipia con el titulo union\" \/><figcaption><h2  style=\"color: #000000;\">Uni\u00f3n<\/h2><p class=\"subtitle\"  style=\"color: #000000;\">Juntos somos m\u00e1s fuertes.<\/p><\/figcaption><\/figure><\/div>\n<\/div>\n<\/div>\n\n<div class=\"col-md-6\">\n<div class=\"value-box text-center p-4\">\n\n<div class=\"pe-anibox\"><figure class=\"effect-julia\" style=\"max-width: 480px; max-height: 360px;\"><img decoding=\"async\" src=\"\/wp-content\/uploads\/2024\/12\/cercania2.png\" alt=\"Imagen de serendipia con el titulo cercania\" \/><figcaption><h2  style=\"color: #000000;\">Cercan\u00eda<\/h2><p class=\"subtitle\"  style=\"color: #000000;\">Estamos cerca de quienes nos necesitan.<\/p><\/figcaption><\/figure><\/div>\n<\/div>\n<\/div>\n<div class=\"col-md-6\">\n<div class=\"value-box text-center p-4\">\n<div class=\"pe-anibox\"><figure class=\"effect-julia\" style=\"max-width: 480px; max-height: 360px;\"><img decoding=\"async\" src=\"\/wp-content\/uploads\/2024\/12\/transparencia2.png\" alt=\"Imagen de serendipia con el titulo transparencia\" \/><figcaption><h2  style=\"color: #000000;\">Transparencia<\/h2><p class=\"subtitle\"  style=\"color: #000000;\">Nuestras acciones son claras y accesibles.<\/p><\/figcaption><\/figure><\/div>\n\n<\/div>\n<\/div>\n<\/div>\n    <\/div>\n<\/section>\n","protected":false},"excerpt":{"rendered":"<p>\u00bfPor qu\u00e9 Serendipia? \u201cHallazgo afortunado e inesperado que se produce cuando est\u00e1s buscando otra cosa.\u201d Es el don de la sagacidad accidental, la sabidur\u00eda de convertir algo adverso en buena suerte. La serendipia es un descubrimiento o un hallazgo inesperado: Se produce cuando est\u00e1s buscando otra cosa. Encuentras la soluci\u00f3n para otro problema que s\u00ed [&hellip;]<\/p>\n","protected":false},"author":1,"featured_media":0,"parent":0,"menu_order":0,"comment_status":"closed","ping_status":"closed","template":"","meta":{"footnotes":""},"class_list":["post-609","page","type-page","status-publish","hentry","clearfix"],"_links":{"self":[{"href":"https:\/\/www.serendipiabaleares.com\/index.php\/wp-json\/wp\/v2\/pages\/609","targetHints":{"allow":["GET"]}}],"collection":[{"href":"https:\/\/www.serendipiabaleares.com\/index.php\/wp-json\/wp\/v2\/pages"}],"about":[{"href":"https:\/\/www.serendipiabaleares.com\/index.php\/wp-json\/wp\/v2\/types\/page"}],"author":[{"embeddable":true,"href":"https:\/\/www.serendipiabaleares.com\/index.php\/wp-json\/wp\/v2\/users\/1"}],"replies":[{"embeddable":true,"href":"https:\/\/www.serendipiabaleares.com\/index.php\/wp-json\/wp\/v2\/comments?post=609"}],"version-history":[{"count":54,"href":"https:\/\/www.serendipiabaleares.com\/index.php\/wp-json\/wp\/v2\/pages\/609\/revisions"}],"predecessor-version":[{"id":3398,"href":"https:\/\/www.serendipiabaleares.com\/index.php\/wp-json\/wp\/v2\/pages\/609\/revisions\/3398"}],"wp:attachment":[{"href":"https:\/\/www.serendipiabaleares.com\/index.php\/wp-json\/wp\/v2\/media?parent=609"}],"curies":[{"name":"wp","href":"https:\/\/api.w.org\/{rel}","templated":true}]}}